{"id":3006,"date":"2025-04-22T07:37:41","date_gmt":"2025-04-22T05:37:41","guid":{"rendered":"http:\/\/localhost:8080\/company-events\/"},"modified":"2026-04-07T14:47:09","modified_gmt":"2026-04-07T12:47:09","slug":"company-events","status":"publish","type":"page","link":"https:\/\/japuha.ee\/en\/services\/company-events\/","title":{"rendered":"Company events"},"content":{"rendered":"<p>[vc_row content_placement=&#8221;middle&#8221; woodmart_css_id=&#8221;67191e3152583&#8243; responsive_spacing=&#8221;eyJwYXJhbV90eXBlIjoid29vZG1hcnRfcmVzcG9uc2l2ZV9zcGFjaW5nIiwic2VsZWN0b3JfaWQiOiI2NzE5MWUzMTUyNTgzIiwic2hvcnRjb2RlIjoidmNfcm93IiwiZGF0YSI6eyJ0YWJsZXQiOnsibWFyZ2luLXRvcCI6Ii0yMCIsIm1hcmdpbi1ib3R0b20iOiI2MCJ9LCJtb2JpbGUiOnsibWFyZ2luLWJvdHRvbSI6IjQwIn19fQ==&#8221; mobile_bg_img_hidden=&#8221;no&#8221; tablet_bg_img_hidden=&#8221;no&#8221; woodmart_parallax=&#8221;0&#8243; woodmart_gradient_switch=&#8221;no&#8221; woodmart_box_shadow=&#8221;no&#8221; wd_z_index=&#8221;no&#8221; woodmart_disable_overflow=&#8221;0&#8243; row_reverse_mobile=&#8221;0&#8243; row_reverse_tablet=&#8221;0&#8243; css=&#8221;.vc_custom_1729699387408{margin-bottom: 80px !important;}&#8221;][vc_column width=&#8221;1\/4&#8243; offset=&#8221;vc_hidden-md vc_hidden-sm vc_hidden-xs&#8221; woodmart_css_id=&#8221;67191e1631521&#8243; parallax_scroll=&#8221;no&#8221; woodmart_sticky_column=&#8221;false&#8221; wd_collapsible_content_switcher=&#8221;no&#8221; wd_column_role_offcanvas_desktop=&#8221;no&#8221; wd_column_role_offcanvas_tablet=&#8221;no&#8221; wd_column_role_offcanvas_mobile=&#8221;no&#8221; wd_column_role_content_desktop=&#8221;no&#8221; wd_column_role_content_tablet=&#8221;no&#8221; wd_column_role_content_mobile=&#8221;no&#8221; mobile_bg_img_hidden=&#8221;no&#8221; tablet_bg_img_hidden=&#8221;no&#8221; woodmart_parallax=&#8221;0&#8243; woodmart_box_shadow=&#8221;no&#8221; responsive_spacing=&#8221;eyJwYXJhbV90eXBlIjoid29vZG1hcnRfcmVzcG9uc2l2ZV9zcGFjaW5nIiwic2VsZWN0b3JfaWQiOiI2NzE5MWUxNjMxNTIxIiwic2hvcnRjb2RlIjoidmNfY29sdW1uIiwiZGF0YSI6eyJ0YWJsZXQiOnt9LCJtb2JpbGUiOnt9fX0=&#8221; mobile_reset_margin=&#8221;no&#8221; tablet_reset_margin=&#8221;no&#8221; wd_z_index=&#8221;no&#8221;][woodmart_mega_menu dropdown_design=&#8221;with-bg&#8221; item_typography_font_weight=&#8221;eyJkZXZpY2VzIjp7ImRlc2t0b3AiOnsidmFsdWUiOiI3MDAifX19&#8243; icon_alignment=&#8221;left&#8221; woodmart_css_id=&#8221;68088d159f7e2&#8243; nav_menu=&#8221;Teenused navigation&#8221; item_typography_font_size=&#8221;eyJkZXZpY2VzIjp7ImRlc2t0b3AiOnsidW5pdCI6InB4IiwidmFsdWUiOiIyNyJ9LCJ0YWJsZXQiOnsidW5pdCI6InB4IiwidmFsdWUiOiIifSwibW9iaWxlIjp7InVuaXQiOiJweCIsInZhbHVlIjoiIn19fQ==&#8221; responsive_spacing=&#8221;eyJwYXJhbV90eXBlIjoid29vZG1hcnRfcmVzcG9uc2l2ZV9zcGFjaW5nIiwic2VsZWN0b3JfaWQiOiI2ODA4OGQxNTlmN2UyIiwic2hvcnRjb2RlIjoid29vZG1hcnRfbWVnYV9tZW51IiwiZGF0YSI6eyJ0YWJsZXQiOnt9LCJtb2JpbGUiOnt9fX0=&#8221; icon_width=&#8221;eyJkZXZpY2VzIjp7ImRlc2t0b3AiOnsidW5pdCI6InB4IiwidmFsdWUiOiIzMCJ9LCJ0YWJsZXQiOnsidW5pdCI6InB4IiwidmFsdWUiOiIifSwibW9iaWxlIjp7InVuaXQiOiJweCIsInZhbHVlIjoiIn19fQ==&#8221; icon_height=&#8221;eyJkZXZpY2VzIjp7ImRlc2t0b3AiOnsidW5pdCI6InB4IiwidmFsdWUiOiIzMCJ9LCJ0YWJsZXQiOnsidW5pdCI6InB4IiwidmFsdWUiOiIifSwibW9iaWxlIjp7InVuaXQiOiJweCIsInZhbHVlIjoiIn19fQ==&#8221; item_typography_line_height=&#8221;eyJkZXZpY2VzIjp7ImRlc2t0b3AiOnsidW5pdCI6InB4IiwidmFsdWUiOiIyOCJ9LCJ0YWJsZXQiOnsidW5pdCI6InB4IiwidmFsdWUiOiIifSwibW9iaWxlIjp7InVuaXQiOiJweCIsInZhbHVlIjoiIn19fQ==&#8221;][\/vc_column][vc_column woodmart_css_id=&#8221;671a2c50d39f6&#8243; parallax_scroll=&#8221;no&#8221; woodmart_sticky_column=&#8221;false&#8221; wd_collapsible_content_switcher=&#8221;no&#8221; wd_column_role_offcanvas_desktop=&#8221;no&#8221; wd_column_role_offcanvas_tablet=&#8221;no&#8221; wd_column_role_offcanvas_mobile=&#8221;no&#8221; wd_column_role_content_desktop=&#8221;no&#8221; wd_column_role_content_tablet=&#8221;no&#8221; wd_column_role_content_mobile=&#8221;no&#8221; mobile_bg_img_hidden=&#8221;no&#8221; tablet_bg_img_hidden=&#8221;no&#8221; woodmart_parallax=&#8221;0&#8243; woodmart_box_shadow=&#8221;no&#8221; responsive_spacing=&#8221;eyJwYXJhbV90eXBlIjoid29vZG1hcnRfcmVzcG9uc2l2ZV9zcGFjaW5nIiwic2VsZWN0b3JfaWQiOiI2NzFhMmM1MGQzOWY2Iiwic2hvcnRjb2RlIjoidmNfY29sdW1uIiwiZGF0YSI6eyJ0YWJsZXQiOnt9LCJtb2JpbGUiOnt9fX0=&#8221; mobile_reset_margin=&#8221;no&#8221; tablet_reset_margin=&#8221;no&#8221; wd_z_index=&#8221;no&#8221; offset=&#8221;vc_col-lg-9&#8243;][woodmart_text_block text_font_family=&#8221;primary&#8221; text_font_size=&#8221;custom&#8221; text_font_weight=&#8221;700&#8243; text_color=&#8221;custom&#8221; text_align=&#8221;right&#8221; wd_animation=&#8221;slide-from-bottom&#8221; wd_animation_duration=&#8221;fast&#8221; woodmart_css_id=&#8221;680e47ff0a607&#8243; text_font_size_custom=&#8221;eyJwYXJhbV90eXBlIjoid29vZG1hcnRfcmVzcG9uc2l2ZV9zaXplIiwiY3NzX2FyZ3MiOnsiZm9udC1zaXplIjpbIi53ZC10ZXh0LWJsb2NrIl19LCJzZWxlY3Rvcl9pZCI6IjY4MGU0N2ZmMGE2MDciLCJkYXRhIjp7ImRlc2t0b3AiOiIxNDBweCJ9fQ==&#8221; text_color_custom=&#8221;eyJwYXJhbV90eXBlIjoid29vZG1hcnRfY29sb3JwaWNrZXIiLCJjc3NfYXJncyI6eyJjb2xvciI6WyIud2QtdGV4dC1ibG9jayJdfSwic2VsZWN0b3JfaWQiOiI2ODBlNDdmZjBhNjA3IiwiZGF0YSI6eyJkZXNrdG9wIjoiI2VhZWFlYSJ9fQ==&#8221; woodmart_inline=&#8221;no&#8221; css=&#8221;.vc_custom_1745766429946{margin-bottom: -100px !important;}&#8221; responsive_spacing=&#8221;eyJwYXJhbV90eXBlIjoid29vZG1hcnRfcmVzcG9uc2l2ZV9zcGFjaW5nIiwic2VsZWN0b3JfaWQiOiI2ODBlNDdmZjBhNjA3Iiwic2hvcnRjb2RlIjoid29vZG1hcnRfdGV4dF9ibG9jayIsImRhdGEiOnsidGFibGV0Ijp7fSwibW9iaWxlIjp7fX19&#8243; parallax_scroll=&#8221;no&#8221; wd_hide_on_desktop=&#8221;no&#8221; wd_hide_on_tablet_landscape=&#8221;no&#8221; wd_hide_on_tablet=&#8221;no&#8221; wd_hide_on_mobile=&#8221;yes&#8221;]Ettev\u00f5ttele[\/woodmart_text_block][woodmart_title align=&#8221;left&#8221; wd_animation=&#8221;slide-from-bottom&#8221; wd_animation_duration=&#8221;fast&#8221; size=&#8221;extra-large&#8221; font_weight=&#8221;800&#8243; tag=&#8221;h1&#8243; woodmart_css_id=&#8221;680e47e961e86&#8243; title=&#8221;Suvep\u00e4evad &amp; <u>firma\u00fcritused<\/u>&#8221; responsive_spacing=&#8221;eyJwYXJhbV90eXBlIjoid29vZG1hcnRfcmVzcG9uc2l2ZV9zcGFjaW5nIiwic2VsZWN0b3JfaWQiOiI2ODBlNDdlOTYxZTg2Iiwic2hvcnRjb2RlIjoid29vZG1hcnRfdGl0bGUiLCJkYXRhIjp7InRhYmxldCI6e30sIm1vYmlsZSI6e319fQ==&#8221; css=&#8221;.vc_custom_1745766397555{margin-bottom: 15px !important;}&#8221; wd_animation_delay=&#8221;250&#8243; wd_hide_on_desktop=&#8221;no&#8221; wd_hide_on_tablet=&#8221;no&#8221; wd_hide_on_mobile=&#8221;no&#8221;][woodmart_text_block text_font_size=&#8221;custom&#8221; text_color=&#8221;custom&#8221; wd_animation=&#8221;slide-from-bottom&#8221; wd_animation_duration=&#8221;fast&#8221; woodmart_css_id=&#8221;680e47d2e4673&#8243; woodmart_inline=&#8221;no&#8221; css=&#8221;.vc_custom_1745766367259{margin-bottom: 25px !important;}&#8221; responsive_spacing=&#8221;eyJwYXJhbV90eXBlIjoid29vZG1hcnRfcmVzcG9uc2l2ZV9zcGFjaW5nIiwic2VsZWN0b3JfaWQiOiI2ODBlNDdkMmU0NjczIiwic2hvcnRjb2RlIjoid29vZG1hcnRfdGV4dF9ibG9jayIsImRhdGEiOnsidGFibGV0Ijp7fSwibW9iaWxlIjp7fX19&#8243; parallax_scroll=&#8221;no&#8221; wd_hide_on_desktop=&#8221;no&#8221; wd_hide_on_tablet_landscape=&#8221;no&#8221; wd_hide_on_tablet=&#8221;no&#8221; wd_hide_on_mobile=&#8221;no&#8221; text_font_size_custom=&#8221;eyJwYXJhbV90eXBlIjoid29vZG1hcnRfcmVzcG9uc2l2ZV9zaXplIiwiY3NzX2FyZ3MiOnsiZm9udC1zaXplIjpbIi53ZC10ZXh0LWJsb2NrIl19LCJzZWxlY3Rvcl9pZCI6IjY4MGU0N2QyZTQ2NzMiLCJkYXRhIjp7ImRlc2t0b3AiOiIxOHB4IiwidGFibGV0IjoiMTZweCJ9fQ==&#8221; wd_animation_delay=&#8221;400&#8243;]<strong>Olgu ettev\u00f5tte suvep\u00e4evad, J\u00f5ulu- v\u00f5i aastavahetuspidu v\u00f5i bossi juubel \u2013 teeme selle meeldej\u00e4\u00e4vaks.<\/strong><\/p>\n<p>Leiame Teile toimumispaiga, sisustame, dekoreerime ja kujundame selle, organiseerime esineja(d) ja \u00f5htu\/p\u00e4evajuhi ning loomulikult hoolitseme kogu tehnilise produktsiooni (heli, valgus, video) eest.<\/p>\n<p>V\u00f5ime laohoonesse luua ideaalse galamilj\u00f6\u00f6, v\u00f5i keset loodust tekitada kontserdipaiga, kus p\u00e4rast murum\u00e4nge kollektiiviga \u00f5htut nautida.<\/p>\n<p>Garanteerime kvaliteetse heli- ja valgustehnika, ning hoolitseme, et kontsertipaik oleks sisustatud k\u00f5ige vajalikuga (lavad, backstage, publikuala, olmetingimused jne) ja vajadusel piiratud\/turvatud.<\/p>\n<p>Meie meeskonnas on professionaalsed ning kogemustega heli-ja valgustehnikud, kes muudavad Teie \u00fcrituse meeldej\u00e4\u00e4vaks elamuseks.[\/woodmart_text_block][woodmart_button wd_animation=&#8221;slide-from-bottom&#8221; wd_animation_duration=&#8221;fast&#8221; shape=&#8221;round&#8221; size=&#8221;extra-large&#8221; button_inline=&#8221;yes&#8221; title=&#8221;VAATA GALERIID&#8221; link=&#8221;url:http%3A%2F%2Flocalhost%3A8080%2Fportfoolio%2F|target:_blank&#8221; woodmart_css_id=&#8221;696bbac1af5c3&#8243; full_width=&#8221;yes&#8221; button_smooth_scroll=&#8221;no&#8221; wd_button_collapsible_content=&#8221;no&#8221; wd_animation_delay=&#8221;500&#8243; responsive_spacing=&#8221;eyJwYXJhbV90eXBlIjoid29vZG1hcnRfcmVzcG9uc2l2ZV9zcGFjaW5nIiwic2VsZWN0b3JfaWQiOiI2OTZiYmFjMWFmNWMzIiwic2hvcnRjb2RlIjoid29vZG1hcnRfYnV0dG9uIiwiZGF0YSI6eyJ0YWJsZXQiOnt9LCJtb2JpbGUiOnt9fX0=&#8221; wd_hide_on_desktop=&#8221;no&#8221; wd_hide_on_tablet=&#8221;no&#8221; wd_hide_on_mobile=&#8221;no&#8221; bg_color=&#8221;eyJwYXJhbV90eXBlIjoid29vZG1hcnRfY29sb3JwaWNrZXIiLCJjc3NfYXJncyI6eyJiYWNrZ3JvdW5kLWNvbG9yIjpbIiBhIl0sImJvcmRlci1jb2xvciI6WyIgYSJdfSwic2VsZWN0b3JfaWQiOiI2OTZiYmFjMWFmNWMzIiwiZGF0YSI6eyJkZXNrdG9wIjoiI2Y0MzgzNCJ9fQ==&#8221; bg_color_hover=&#8221;eyJwYXJhbV90eXBlIjoid29vZG1hcnRfY29sb3JwaWNrZXIiLCJjc3NfYXJncyI6eyJiYWNrZ3JvdW5kLWNvbG9yIjpbIiBhOmhvdmVyIl0sImJvcmRlci1jb2xvciI6WyIgYTpob3ZlciJdfSwic2VsZWN0b3JfaWQiOiI2OTZiYmFjMWFmNWMzIiwiZGF0YSI6eyJkZXNrdG9wIjoiIzg3ODc4NyJ9fQ==&#8221; css=&#8221;.vc_custom_1768667857262{background-color: eyJwYXJhbV90eXBlIjoid29vZG1hcnRfY29sb3JwaWNrZXIiLCJjc3NfYXJncyI6eyJiYWNrZ3JvdW5kLWNvbG9yIjpbIiBhIl0sImJvcmRlci1jb2xvciI6WyIgYSJdfSwic2VsZWN0b3JfaWQiOiI2ODBlNDVhOWJmMDJkIiwiZGF0YSI6eyJkZXNrdG9wIjoiIzVjYTlkZSJ9fQ== !important;}&#8221;][woodmart_popup css_animation=&#8221;wd-slide-from-bottom&#8221; shape=&#8221;round&#8221; size=&#8221;extra-large&#8221; align=&#8221;left&#8221; width=&#8221;800&#8243; woodmart_css_id=&#8221;696bbaabe0169&#8243; title=&#8221;K\u00dcSI PAKKUMIST&#8221; bg_color=&#8221;eyJwYXJhbV90eXBlIjoid29vZG1hcnRfY29sb3JwaWNrZXIiLCJjc3NfYXJncyI6eyJiYWNrZ3JvdW5kLWNvbG9yIjpbIiBhIl0sImJvcmRlci1jb2xvciI6WyIgYSJdfSwic2VsZWN0b3JfaWQiOiI2OTZiYmFhYmUwMTY5IiwiZGF0YSI6eyJkZXNrdG9wIjoiI2Y0MzgzNCJ9fQ==&#8221; bg_color_hover=&#8221;eyJwYXJhbV90eXBlIjoid29vZG1hcnRfY29sb3JwaWNrZXIiLCJjc3NfYXJncyI6eyJiYWNrZ3JvdW5kLWNvbG9yIjpbIiBhOmhvdmVyIl0sImJvcmRlci1jb2xvciI6WyIgYTpob3ZlciJdfSwic2VsZWN0b3JfaWQiOiI2OTZiYmFhYmUwMTY5IiwiZGF0YSI6eyJkZXNrdG9wIjoiIzg3ODc4NyJ9fQ==&#8221; full_width=&#8221;no&#8221; button_inline=&#8221;no&#8221; responsive_spacing=&#8221;eyJwYXJhbV90eXBlIjoid29vZG1hcnRfcmVzcG9uc2l2ZV9zcGFjaW5nIiwic2VsZWN0b3JfaWQiOiI2OTZiYmFhYmUwMTY5Iiwic2hvcnRjb2RlIjoid29vZG1hcnRfcG9wdXAiLCJkYXRhIjp7InRhYmxldCI6e30sIm1vYmlsZSI6e319fQ==&#8221; wd_hide_on_desktop=&#8221;no&#8221; wd_hide_on_tablet=&#8221;no&#8221; wd_hide_on_mobile=&#8221;no&#8221; css=&#8221;.vc_custom_1768667825783{margin-top: 25px !important;background-color: eyJwYXJhbV90eXBlIjoid29vZG1hcnRfY29sb3JwaWNrZXIiLCJjc3NfYXJncyI6eyJiYWNrZ3JvdW5kLWNvbG9yIjpbIiBhIl0sImJvcmRlci1jb2xvciI6WyIgYSJdfSwic2VsZWN0b3JfaWQiOiI2OGMyNzc5Nzk5NmI5IiwiZGF0YSI6eyJkZXNrdG9wIjoiIzVjYTlkZSJ9fQ== !important;}&#8221;][woodmart_text_block woodmart_css_id=&#8221;696bbab3dfb6e&#8221; woodmart_inline=&#8221;no&#8221; responsive_spacing=&#8221;eyJwYXJhbV90eXBlIjoid29vZG1hcnRfcmVzcG9uc2l2ZV9zcGFjaW5nIiwic2VsZWN0b3JfaWQiOiI2OTZiYmFiM2RmYjZlIiwic2hvcnRjb2RlIjoid29vZG1hcnRfdGV4dF9ibG9jayIsImRhdGEiOnsidGFibGV0Ijp7fSwibW9iaWxlIjp7fX19&#8243; parallax_scroll=&#8221;no&#8221; wd_hide_on_desktop=&#8221;no&#8221; wd_hide_on_tablet=&#8221;no&#8221; wd_hide_on_mobile=&#8221;no&#8221; css=&#8221;.vc_custom_1768667833433{margin-top: 50px !important;margin-right: 50px !important;margin-bottom: 50px !important;margin-left: 50px !important;}&#8221;]<strong>S\u00fcndmuste produktsioon\/teenindamine:<\/strong><\/p>\n<p>Helista meile numbril +372 5649 4320 v\u00f5i kirjuta aadressil:\u00a0punkt@japuha.ee<\/p>\n<p>[forminator_form id=&#8221;1232&#8243;][\/woodmart_text_block][\/woodmart_popup][vc_row_inner css=&#8221;.vc_custom_1745765853274{margin-top: 100px !important;}&#8221; woodmart_css_id=&#8221;680e45d8e596f&#8221; responsive_spacing=&#8221;eyJwYXJhbV90eXBlIjoid29vZG1hcnRfcmVzcG9uc2l2ZV9zcGFjaW5nIiwic2VsZWN0b3JfaWQiOiI2ODBlNDVkOGU1OTZmIiwic2hvcnRjb2RlIjoidmNfcm93X2lubmVyIiwiZGF0YSI6eyJ0YWJsZXQiOnt9LCJtb2JpbGUiOnt9fX0=&#8221; mobile_bg_img_hidden=&#8221;no&#8221; tablet_bg_img_hidden=&#8221;no&#8221; woodmart_parallax=&#8221;0&#8243; woodmart_gradient_switch=&#8221;no&#8221; woodmart_box_shadow=&#8221;no&#8221; wd_z_index=&#8221;no&#8221; woodmart_disable_overflow=&#8221;0&#8243; row_reverse_mobile=&#8221;0&#8243; row_reverse_tablet=&#8221;0&#8243;][vc_column_inner width=&#8221;1\/2&#8243;][woodmart_image rounding_size=&#8221;&#8221; wd_animation=&#8221;slide-from-bottom&#8221; wd_animation_duration=&#8221;fast&#8221; woodmart_css_id=&#8221;680e48251dc3e&#8221; img_id=&#8221;1186&#8243; img_size=&#8221;full&#8221; display_inline=&#8221;no&#8221; parallax_scroll=&#8221;no&#8221; css=&#8221;.vc_custom_1745766453578{margin-bottom: 0px !important;}&#8221; responsive_spacing=&#8221;eyJwYXJhbV90eXBlIjoid29vZG1hcnRfcmVzcG9uc2l2ZV9zcGFjaW5nIiwic2VsZWN0b3JfaWQiOiI2ODBlNDgyNTFkYzNlIiwic2hvcnRjb2RlIjoid29vZG1hcnRfaW1hZ2UiLCJkYXRhIjp7InRhYmxldCI6e30sIm1vYmlsZSI6e319fQ==&#8221; woodmart_box_shadow=&#8221;no&#8221; wd_hide_on_desktop=&#8221;no&#8221; wd_hide_on_tablet_landscape=&#8221;no&#8221; wd_hide_on_tablet=&#8221;no&#8221; wd_hide_on_mobile=&#8221;no&#8221;][\/vc_column_inner][vc_column_inner width=&#8221;1\/2&#8243;][woodmart_image img_align=&#8221;right&#8221; rounding_size=&#8221;&#8221; wd_animation=&#8221;slide-from-bottom&#8221; wd_animation_duration=&#8221;fast&#8221; woodmart_css_id=&#8221;680e4836aab7e&#8221; img_id=&#8221;1162&#8243; img_size=&#8221;full&#8221; display_inline=&#8221;no&#8221; parallax_scroll=&#8221;no&#8221; css=&#8221;.vc_custom_1745766463507{margin-bottom: 0px !important;}&#8221; responsive_spacing=&#8221;eyJwYXJhbV90eXBlIjoid29vZG1hcnRfcmVzcG9uc2l2ZV9zcGFjaW5nIiwic2VsZWN0b3JfaWQiOiI2ODBlNDgzNmFhYjdlIiwic2hvcnRjb2RlIjoid29vZG1hcnRfaW1hZ2UiLCJkYXRhIjp7InRhYmxldCI6e30sIm1vYmlsZSI6e319fQ==&#8221; woodmart_box_shadow=&#8221;no&#8221; wd_hide_on_desktop=&#8221;no&#8221; wd_hide_on_tablet_landscape=&#8221;no&#8221; wd_hide_on_tablet=&#8221;no&#8221; wd_hide_on_mobile=&#8221;no&#8221;][\/vc_column_inner][\/vc_row_inner][\/vc_column][\/vc_row]<\/p>\n","protected":false},"excerpt":{"rendered":"<p>[vc_row content_placement=&#8221;middle&#8221; woodmart_css_id=&#8221;67191e3152583&#8243; responsive_spacing=&#8221;eyJwYXJhbV90eXBlIjoid29vZG1hcnRfcmVzcG9uc2l2ZV9zcGFjaW5nIiwic2VsZWN0b3JfaWQiOiI2NzE5MWUzMTUyNTgzIiwic2hvcnRjb2RlIjoidmNfcm93IiwiZGF0YSI6eyJ0YWJsZXQiOnsibWFyZ2luLXRvcCI6Ii0yMCIsIm1hcmdpbi1ib3R0b20iOiI2MCJ9LCJtb2JpbGUiOnsibWFyZ2luLWJvdHRvbSI6IjQwIn19fQ==&#8221; mobile_bg_img_hidden=&#8221;no&#8221; tablet_bg_img_hidden=&#8221;no&#8221; woodmart_parallax=&#8221;0&#8243; woodmart_gradient_switch=&#8221;no&#8221; woodmart_box_shadow=&#8221;no&#8221; wd_z_index=&#8221;no&#8221; woodmart_disable_overflow=&#8221;0&#8243; row_reverse_mobile=&#8221;0&#8243; row_reverse_tablet=&#8221;0&#8243; css=&#8221;.vc_custom_1729699387408{margin-bottom: 80px !important;}&#8221;][vc_column width=&#8221;1\/4&#8243; offset=&#8221;vc_hidden-md vc_hidden-sm vc_hidden-xs&#8221; woodmart_css_id=&#8221;67191e1631521&#8243; parallax_scroll=&#8221;no&#8221; woodmart_sticky_column=&#8221;false&#8221; wd_collapsible_content_switcher=&#8221;no&#8221; wd_column_role_offcanvas_desktop=&#8221;no&#8221; wd_column_role_offcanvas_tablet=&#8221;no&#8221; wd_column_role_offcanvas_mobile=&#8221;no&#8221; wd_column_role_content_desktop=&#8221;no&#8221; wd_column_role_content_tablet=&#8221;no&#8221; wd_column_role_content_mobile=&#8221;no&#8221; mobile_bg_img_hidden=&#8221;no&#8221; tablet_bg_img_hidden=&#8221;no&#8221; woodmart_parallax=&#8221;0&#8243; woodmart_box_shadow=&#8221;no&#8221; responsive_spacing=&#8221;eyJwYXJhbV90eXBlIjoid29vZG1hcnRfcmVzcG9uc2l2ZV9zcGFjaW5nIiwic2VsZWN0b3JfaWQiOiI2NzE5MWUxNjMxNTIxIiwic2hvcnRjb2RlIjoidmNfY29sdW1uIiwiZGF0YSI6eyJ0YWJsZXQiOnt9LCJtb2JpbGUiOnt9fX0=&#8221; mobile_reset_margin=&#8221;no&#8221; tablet_reset_margin=&#8221;no&#8221; wd_z_index=&#8221;no&#8221;][woodmart_mega_menu dropdown_design=&#8221;with-bg&#8221; item_typography_font_weight=&#8221;eyJkZXZpY2VzIjp7ImRlc2t0b3AiOnsidmFsdWUiOiI3MDAifX19&#8243; icon_alignment=&#8221;left&#8221; woodmart_css_id=&#8221;68088d159f7e2&#8243; nav_menu=&#8221;Teenused navigation&#8221; item_typography_font_size=&#8221;eyJkZXZpY2VzIjp7ImRlc2t0b3AiOnsidW5pdCI6InB4IiwidmFsdWUiOiIyNyJ9LCJ0YWJsZXQiOnsidW5pdCI6InB4IiwidmFsdWUiOiIifSwibW9iaWxlIjp7InVuaXQiOiJweCIsInZhbHVlIjoiIn19fQ==&#8221; responsive_spacing=&#8221;eyJwYXJhbV90eXBlIjoid29vZG1hcnRfcmVzcG9uc2l2ZV9zcGFjaW5nIiwic2VsZWN0b3JfaWQiOiI2ODA4OGQxNTlmN2UyIiwic2hvcnRjb2RlIjoid29vZG1hcnRfbWVnYV9tZW51IiwiZGF0YSI6eyJ0YWJsZXQiOnt9LCJtb2JpbGUiOnt9fX0=&#8221; icon_width=&#8221;eyJkZXZpY2VzIjp7ImRlc2t0b3AiOnsidW5pdCI6InB4IiwidmFsdWUiOiIzMCJ9LCJ0YWJsZXQiOnsidW5pdCI6InB4IiwidmFsdWUiOiIifSwibW9iaWxlIjp7InVuaXQiOiJweCIsInZhbHVlIjoiIn19fQ==&#8221; icon_height=&#8221;eyJkZXZpY2VzIjp7ImRlc2t0b3AiOnsidW5pdCI6InB4IiwidmFsdWUiOiIzMCJ9LCJ0YWJsZXQiOnsidW5pdCI6InB4IiwidmFsdWUiOiIifSwibW9iaWxlIjp7InVuaXQiOiJweCIsInZhbHVlIjoiIn19fQ==&#8221; item_typography_line_height=&#8221;eyJkZXZpY2VzIjp7ImRlc2t0b3AiOnsidW5pdCI6InB4IiwidmFsdWUiOiIyOCJ9LCJ0YWJsZXQiOnsidW5pdCI6InB4IiwidmFsdWUiOiIifSwibW9iaWxlIjp7InVuaXQiOiJweCIsInZhbHVlIjoiIn19fQ==&#8221;][\/vc_column][vc_column woodmart_css_id=&#8221;671a2c50d39f6&#8243; parallax_scroll=&#8221;no&#8221; woodmart_sticky_column=&#8221;false&#8221; wd_collapsible_content_switcher=&#8221;no&#8221; wd_column_role_offcanvas_desktop=&#8221;no&#8221; wd_column_role_offcanvas_tablet=&#8221;no&#8221; [&hellip;]<\/p>\n","protected":false},"author":2,"featured_media":0,"parent":3149,"menu_order":0,"comment_status":"closed","ping_status":"closed","template":"","meta":{"_acf_changed":false,"_seopress_robots_primary_cat":"","_seopress_titles_title":"Company events - .japuha","_seopress_titles_desc":"Organise a memorable company event with your team. Whether it's a company summer party, a Christmas or New Year's Eve party, or a boss's anniversary - we'll make it memorable.","_seopress_robots_index":"","_monsterinsights_skip_tracking":false,"_monsterinsights_sitenote_active":false,"_monsterinsights_sitenote_note":"","_monsterinsights_sitenote_category":0,"footnotes":""},"class_list":["post-3006","page","type-page","status-publish","hentry"],"acf":[],"_links":{"self":[{"href":"https:\/\/japuha.ee\/en\/wp-json\/wp\/v2\/pages\/3006","targetHints":{"allow":["GET"]}}],"collection":[{"href":"https:\/\/japuha.ee\/en\/wp-json\/wp\/v2\/pages"}],"about":[{"href":"https:\/\/japuha.ee\/en\/wp-json\/wp\/v2\/types\/page"}],"author":[{"embeddable":true,"href":"https:\/\/japuha.ee\/en\/wp-json\/wp\/v2\/users\/2"}],"replies":[{"embeddable":true,"href":"https:\/\/japuha.ee\/en\/wp-json\/wp\/v2\/comments?post=3006"}],"version-history":[{"count":5,"href":"https:\/\/japuha.ee\/en\/wp-json\/wp\/v2\/pages\/3006\/revisions"}],"predecessor-version":[{"id":4974,"href":"https:\/\/japuha.ee\/en\/wp-json\/wp\/v2\/pages\/3006\/revisions\/4974"}],"up":[{"embeddable":true,"href":"https:\/\/japuha.ee\/en\/wp-json\/wp\/v2\/pages\/3149"}],"wp:attachment":[{"href":"https:\/\/japuha.ee\/en\/wp-json\/wp\/v2\/media?parent=3006"}],"curies":[{"name":"wp","href":"https:\/\/api.w.org\/{rel}","templated":true}]}}