{"id":3667,"date":"2025-04-22T08:48:21","date_gmt":"2025-04-22T06:48:21","guid":{"rendered":"http:\/\/localhost:8080\/conditions-of-sale-and-hire\/"},"modified":"2026-04-07T14:44:58","modified_gmt":"2026-04-07T12:44:58","slug":"conditions-of-sale-and-hire","status":"publish","type":"page","link":"https:\/\/japuha.ee\/en\/conditions-of-sale-and-hire\/","title":{"rendered":"Rental and Sale Conditions"},"content":{"rendered":"<p>[vc_row][vc_column][vc_column_text css=&#8221;&#8221; woodmart_inline=&#8221;no&#8221; text_larger=&#8221;no&#8221;]<\/p>\n<h1><span style=\"font-weight: 400;\">\u00dcLDTINGIMUSED<\/span><\/h1>\n<h2><span style=\"font-weight: 400;\">S\u00fcndmuste tehniline teenindus ja tehnika rent<\/span><\/h2>\n<p><span style=\"font-weight: 400;\">K\u00e4esolevad \u00fcldtingimused (edaspidi <\/span><b>Tingimused<\/b><span style=\"font-weight: 400;\">) reguleerivad .japuha O\u00dc (registrikood: <\/span><span style=\"font-weight: 400;\">17390459<\/span><span style=\"font-weight: 400;\">, aadress: <\/span><a href=\"https:\/\/www.teatmik.ee\/et\/parametricsearch\/personlegal\/eyJsX3AiOjc5LCJsX20iOjc5MywibF9zIjo4MTUxLCJsX3N0IjoiMFNOTyJ9\"><span style=\"font-weight: 400;\">Kroonuaia tn<\/span><\/a><span style=\"font-weight: 400;\">\u00a0<\/span><a href=\"https:\/\/www.teatmik.ee\/et\/parametricsearch\/personlegal\/eyJsX3AiOjc5LCJsX20iOjc5MywibF9zIjo4MTUxLCJsX3N0IjoiMFNOTyIsImxfYiI6IkJBTlYifQ==\"><span style=\"font-weight: 400;\">64<\/span><\/a><span style=\"font-weight: 400;\">&#8211;<\/span><a href=\"https:\/\/www.teatmik.ee\/et\/parametricsearch\/personlegal\/eyJsX3AiOjc5LCJsX20iOjc5MywibF9zIjo4MTUxLCJsX3N0IjoiMFNOTyIsImxfYiI6IkJBTlYiLCJsX3IiOiJIWk9CIn0=\"><span style=\"font-weight: 400;\">2<\/span><\/a><span style=\"font-weight: 400;\">, 51008; edaspidi <\/span><b>Teenusepakkuja<\/b><span style=\"font-weight: 400;\">) ja kliendi (edaspidi <\/span><b>Klient<\/b><span style=\"font-weight: 400;\">) vahelisi \u00f5igussuhteid s\u00fcndmuste tehnilise teeninduse, tehnika rendi ning nendega seotud teenuste osutamisel.<\/span><\/p>\n<p><span style=\"font-weight: 400;\">Tingimused kohalduvad k\u00f5igile Teenusepakkuja poolt osutatavatele teenustele, kui pooled ei ole kirjalikult kokku leppinud teisiti.<\/span><\/p>\n<h2><span style=\"font-weight: 400;\">1. \u00dclds\u00e4tted<\/span><\/h2>\n<p><span style=\"font-weight: 400;\">1.1 Teenusepakkuja osutab s\u00fcndmuste tehnilise teeninduse teenuseid, sh kuid mitte ainult: heli-, valgus- ja videotehnika rent, transport, paigaldus, tehniline meeskond, s\u00fcndmuse tehniline l\u00e4biviimine ning demontaa\u017e.<\/span><\/p>\n<p><span style=\"font-weight: 400;\">1.2 Klient v\u00f5ib olla nii f\u00fc\u00fcsiline kui juriidiline isik. Tarbijale kohalduvad seadusest tulenevad kohustuslikud s\u00e4tted \u00fcksnes ulatuses, milles teenuse iseloom seda v\u00f5imaldab.<\/span><\/p>\n<p><span style=\"font-weight: 400;\">1.3 Teenuse tellimine (pakkumise kinnitamine, tellimuse esitamine v\u00f5i ettemakse tasumine) t\u00e4hendab Tingimuste t\u00e4ielikku aktsepteerimist.<\/span><\/p>\n<h2><span style=\"font-weight: 400;\">2. Pakkumised ja lepingu s\u00f5lmimine<\/span><\/h2>\n<p><span style=\"font-weight: 400;\">2.1 Teenuse osutamise aluseks on Teenusepakkuja hinnapakkumine, milles on m\u00e4\u00e4ratletud teenuse sisu, ajakava, maksumus ja muud olulised tingimused.<\/span><\/p>\n<p><span style=\"font-weight: 400;\">2.2 Pakkumine ei ole siduv enne, kui Klient on selle kirjalikult kinnitanud ja Teenusepakkuja on kinnituse aktsepteerinud.<\/span><\/p>\n<p><span style=\"font-weight: 400;\">2.3 Teenusepakkujal on \u00f5igus pakkumisest loobuda v\u00f5i seda muuta kuni lepingu j\u00f5ustumiseni.<\/span><\/p>\n<h2><span style=\"font-weight: 400;\">3. Tasud ja maksetingimused<\/span><\/h2>\n<p><span style=\"font-weight: 400;\">3.1 Teenuste hinnad on m\u00e4rgitud pakkumises ning sisaldavad k\u00e4ibemaksu, kui ei ole m\u00e4rgitud teisiti.<\/span><\/p>\n<p><span style=\"font-weight: 400;\">3.2 Teenusepakkujal on \u00f5igus n\u00f5uda ettemaksu. Teenuse osutamist alustatakse alles p\u00e4rast ettemakse laekumist.<\/span><\/p>\n<p><span style=\"font-weight: 400;\">3.3 Hilinenud maksete korral on Teenusepakkujal \u00f5igus n\u00f5uda viivist seaduses lubatud maksimaalses m\u00e4\u00e4ras ning peatada teenuse osutamine.<\/span><\/p>\n<h2><span style=\"font-weight: 400;\">4. T\u00fchistamine ja ajakava muutmine<\/span><\/h2>\n<p><span style=\"font-weight: 400;\">4.1 Kui Klient t\u00fchistab s\u00fcndmuse v\u00f5i teenuse: &#8211; rohkem kui 30 p\u00e4eva enne s\u00fcndmust \u2013 Teenusepakkujal on \u00f5igus j\u00e4tta endale kuni 30% kokkulepitud tasust; &#8211; 7\u201330 p\u00e4eva enne s\u00fcndmust \u2013 kuni 50% tasust; &#8211; v\u00e4hem kui 7 p\u00e4eva enne s\u00fcndmust \u2013 kuni 100% tasust.<\/span><\/p>\n<p><span style=\"font-weight: 400;\">4.2 T\u00fchistamise korral loetakse k\u00f5ik tehtud ettevalmistuskulud (planeerimine, tehnika reserveerimine, meeskonna broneerimine) Teenusepakkujale h\u00fcvitatavaks.<\/span><\/p>\n<p><span style=\"font-weight: 400;\">4.3 S\u00fcndmuse edasil\u00fckkamine k\u00e4sitletakse t\u00fchistamisena, kui pooled ei lepi kirjalikult kokku uues kuup\u00e4evas.<\/span><\/p>\n<h2><span style=\"font-weight: 400;\">5. Tehnika rent ja vastutus<\/span><\/h2>\n<p><span style=\"font-weight: 400;\">5.1 Rentnik vastutab renditud tehnika s\u00e4ilimise, korrektse kasutamise ja tagastamise eest kogu rendiperioodi jooksul.<\/span><\/p>\n<p><span style=\"font-weight: 400;\">5.2 Tehnika kahjustumise, kaotsimineku v\u00f5i h\u00e4vimise korral h\u00fcvitab Klient kogu tekitatud kahju, sh remondi- v\u00f5i asenduskulud t\u00e4ies ulatuses.<\/span><\/p>\n<p><span style=\"font-weight: 400;\">5.3 Rendiperiood algab tehnika \u00fcleandmisel ja l\u00f5peb tehnika vastuv\u00f5tmisel Teenusepakkuja poolt.<\/span><\/p>\n<h2><span style=\"font-weight: 400;\">6. Vastutuse piiramine<\/span><\/h2>\n<p><span style=\"font-weight: 400;\">6.1 Teenusepakkuja vastutus on piiratud konkreetse lepingu alusel makstud tasu summaga.<\/span><\/p>\n<p><span style=\"font-weight: 400;\">6.2 Teenusepakkuja ei vastuta: &#8211; saamata j\u00e4\u00e4nud tulu; &#8211; mainekahju; &#8211; kolmandate isikute n\u00f5uete eest; &#8211; s\u00fcndmuse \u00e4raj\u00e4\u00e4mise eest p\u00f5hjustel, mis ei ole otseselt Teenusepakkuja kontrolli all.<\/span><\/p>\n<h2><span style=\"font-weight: 400;\">7. V\u00e4\u00e4ramatu j\u00f5ud (force majeure)<\/span><\/h2>\n<p><span style=\"font-weight: 400;\">7.1 Teenusepakkuja ei vastuta kohustuste rikkumise eest, kui see on tingitud v\u00e4\u00e4ramatust j\u00f5ust, sh ilmastikuolud, elektrikatkestused, ligip\u00e4\u00e4su puudumine, ametiv\u00f5imude tegevus v\u00f5i muud etten\u00e4gematud asjaolud.<\/span><\/p>\n<p><span style=\"font-weight: 400;\">7.2 V\u00e4\u00e4ramatu j\u00f5u korral on Teenusepakkujal \u00f5igus leping osaliselt v\u00f5i t\u00e4ielikult l\u00f5petada ilma kahju h\u00fcvitamise kohustuseta.<\/span><\/p>\n<h2><span style=\"font-weight: 400;\">8. Pretensioonid<\/span><\/h2>\n<p><span style=\"font-weight: 400;\">8.1 Pretensioonid teenuse osutamise kohta tuleb esitada viivitamata, kuid hiljemalt 7 t\u00f6\u00f6p\u00e4eva jooksul p\u00e4rast s\u00fcndmuse toimumist.<\/span><\/p>\n<p><span style=\"font-weight: 400;\">8.2 Hiljem esitatud pretensioone Teenusepakkuja ei ole kohustatud arvestama.<\/span><\/p>\n<h2><span style=\"font-weight: 400;\">9. Kohaldatav \u00f5igus ja vaidlused<\/span><\/h2>\n<p><span style=\"font-weight: 400;\">9.1 Tingimustele kohaldatakse Eesti Vabariigi \u00f5igust.<\/span><\/p>\n<p><span style=\"font-weight: 400;\">9.2 Vaidlused lahendatakse eelk\u00f5ige l\u00e4bir\u00e4\u00e4kimiste teel. Kokkuleppe mittesaavutamisel lahendatakse vaidlus Teenusepakkuja asukohaj\u00e4rgses kohtus.<\/span><\/p>\n<h2><span style=\"font-weight: 400;\">10. L\u00f5pps\u00e4tted<\/span><\/h2>\n<p><span style=\"font-weight: 400;\">10.1 Teenusepakkujal on \u00f5igus Tingimusi \u00fchepoolselt muuta.<\/span><\/p>\n<p><span style=\"font-weight: 400;\">10.2 Kehtivad Tingimused on k\u00e4ttesaadavad Teenusepakkuja veebilehel ja on kohustuslikud k\u00f5igile teenuse tellijatele.<\/span><\/p>\n<p>[\/vc_column_text][\/vc_column][\/vc_row]<\/p>\n","protected":false},"excerpt":{"rendered":"<p>[vc_row][vc_column][vc_column_text css=&#8221;&#8221; woodmart_inline=&#8221;no&#8221; text_larger=&#8221;no&#8221;] \u00dcLDTINGIMUSED S\u00fcndmuste tehniline teenindus ja tehnika rent K\u00e4esolevad \u00fcldtingimused (edaspidi Tingimused) reguleerivad .japuha O\u00dc (registrikood: 17390459, aadress: Kroonuaia tn\u00a064&#8211;2, 51008; edaspidi Teenusepakkuja) ja kliendi (edaspidi Klient) vahelisi \u00f5igussuhteid s\u00fcndmuste tehnilise teeninduse, tehnika rendi ning nendega seotud teenuste osutamisel. Tingimused kohalduvad k\u00f5igile Teenusepakkuja poolt osutatavatele teenustele, kui pooled ei ole kirjalikult kokku [&hellip;]<\/p>\n","protected":false},"author":2,"featured_media":0,"parent":0,"menu_order":0,"comment_status":"closed","ping_status":"open","template":"","meta":{"_acf_changed":false,"_seopress_robots_primary_cat":"","_seopress_titles_title":"","_seopress_titles_desc":"","_seopress_robots_index":"","_monsterinsights_skip_tracking":false,"_monsterinsights_sitenote_active":false,"_monsterinsights_sitenote_note":"","_monsterinsights_sitenote_category":0,"footnotes":""},"class_list":["post-3667","page","type-page","status-publish","hentry"],"acf":[],"_links":{"self":[{"href":"https:\/\/japuha.ee\/en\/wp-json\/wp\/v2\/pages\/3667","targetHints":{"allow":["GET"]}}],"collection":[{"href":"https:\/\/japuha.ee\/en\/wp-json\/wp\/v2\/pages"}],"about":[{"href":"https:\/\/japuha.ee\/en\/wp-json\/wp\/v2\/types\/page"}],"author":[{"embeddable":true,"href":"https:\/\/japuha.ee\/en\/wp-json\/wp\/v2\/users\/2"}],"replies":[{"embeddable":true,"href":"https:\/\/japuha.ee\/en\/wp-json\/wp\/v2\/comments?post=3667"}],"version-history":[{"count":2,"href":"https:\/\/japuha.ee\/en\/wp-json\/wp\/v2\/pages\/3667\/revisions"}],"predecessor-version":[{"id":4967,"href":"https:\/\/japuha.ee\/en\/wp-json\/wp\/v2\/pages\/3667\/revisions\/4967"}],"wp:attachment":[{"href":"https:\/\/japuha.ee\/en\/wp-json\/wp\/v2\/media?parent=3667"}],"curies":[{"name":"wp","href":"https:\/\/api.w.org\/{rel}","templated":true}]}}