{"id":2905,"date":"2025-04-29T11:57:10","date_gmt":"2025-04-29T11:57:10","guid":{"rendered":"http:\/\/localhost:8080\/toode\/helipult-mixing-desk-allen-heath-sq-5-16-12\/"},"modified":"2026-04-06T18:38:43","modified_gmt":"2026-04-06T18:38:43","slug":"helipult-mixing-desk-allen-heath-sq-5-16-12","status":"publish","type":"product","link":"https:\/\/japuha.ee\/en\/toode\/helipult-mixing-desk-allen-heath-sq-5-16-12\/","title":{"rendered":"Helipult\/Mixing desk Allen &amp; Heath SQ-5 (16\/12)"},"content":{"rendered":"<p>Allen &amp; Heath SQ-5 on kompaktne, kuid v\u00f5imekas digitaalne helipult, mis kasutab Allen &amp; Heathi tipptehnoloogiat \u2014 XCVI FPGA mootorit. See tagab erakordselt selge heli ja v\u00e4ga madala latentsuse, mis on oluline nii live-helis kui salvestuses.<\/p>\n<p>Helipuldil on 48 sisendkanalit ja 36 miksbussi, millest 12 on stereo. 16 kvaliteetset mikrofoni eelv\u00f5imendit tagavad puhta ja t\u00e4pse helipildi. Kasutaja k\u00e4sutuses on 17 mootoroimiga faderit, 6 faderikihti ja 7-tolline puutetundlik ekraan, mis muudavad t\u00f6\u00f6 kiireks ja loogiliseks.<\/p>\n<p>SQ-5 sisaldab ka 32\u00d732 USB-heliliidest mitmerajalise salvestuse jaoks ning SLink-\u00fchendust, mis v\u00f5imaldab laiendada s\u00fcsteemi lisarakkidega v\u00f5i \u00fchendada teisi Allen &amp; Heathi seadmeid (nt GX4816 stagebox). Puldile saab lisada ka laienduskaarte, n\u00e4iteks Dante, Waves v\u00f5i MADI, et sobituda erinevatesse helis\u00fcsteemidesse.<\/p>\n<p>Kerge ja vastupidava korpuse t\u00f5ttu sobib SQ-5 ideaalselt nii rendikasutuseks, mobiilseks helit\u00f6\u00f6ks kui ka p\u00fcsipaigalduseks.<\/p>\n<p>\u00a0<\/p>\n<p>\u00a0<\/p>\n<p>Sisendkanalid: 48<br \/>Miksbussid: 36 (sh 12 stereo AUX\/GRP + LR)<br \/>Mikrofoni eelv\u00f5imendid: 16 (XLR)<br \/>T\u00f6\u00f6sagedus: 96 kHz<br \/>Faderid: 17 mootoroimiga (16 + 1 master)<br \/>Faderikihtide arv: 6<br \/>Ekraan: 7\u2033 puutetundlik<br \/>SoftKeys: 8 programmeeritavat nuppu<br \/>USB-liides: 32 \u00d7 32 salvestus @ 96 kHz<br \/>Laiendusport: SLink + lisakaardipesa (nt Dante\/Waves)<br \/>M\u00f5\u00f5tmed: 440 \u00d7 515 \u00d7 198 mm<br \/>Kaal: u 10,5 kg<br \/>Toide: 100\u2013240 V AC, 50\/60 Hz<\/p>\n","protected":false},"excerpt":{"rendered":"<p>Allen &amp; Heath SQ-5 on professionaalne 48-kanaliline digitaalne helipult, mis t\u00f6\u00f6tab 96 kHz sagedusel ja pakub suurep\u00e4rast heli kvaliteeti ning t\u00f6\u00f6kindlust. T\u00e4nu kompaktsusele ja intuitiivsele kasutajaliidesele sobib see ideaalselt kontsertidele, \u00fcritustele ja stuudiot\u00f6\u00f6ks.<\/p>\n","protected":false},"featured_media":3958,"template":"","meta":{"_acf_changed":false,"_seopress_robots_primary_cat":"","_seopress_titles_title":"","_seopress_titles_desc":"","_seopress_robots_index":"","_monsterinsights_skip_tracking":false,"_monsterinsights_sitenote_active":false,"_monsterinsights_sitenote_note":"","_monsterinsights_sitenote_category":0},"product_brand":[],"product_cat":[254],"product_tag":[],"class_list":{"0":"post-2905","1":"product","2":"type-product","3":"status-publish","4":"has-post-thumbnail","6":"product_cat-sound-consoles","8":"first","9":"instock","10":"taxable","11":"shipping-taxable","12":"purchasable","13":"product-type-simple"},"acf":[],"_links":{"self":[{"href":"https:\/\/japuha.ee\/en\/wp-json\/wp\/v2\/product\/2905","targetHints":{"allow":["GET"]}}],"collection":[{"href":"https:\/\/japuha.ee\/en\/wp-json\/wp\/v2\/product"}],"about":[{"href":"https:\/\/japuha.ee\/en\/wp-json\/wp\/v2\/types\/product"}],"wp:featuredmedia":[{"embeddable":true,"href":"https:\/\/japuha.ee\/en\/wp-json\/wp\/v2\/media\/3958"}],"wp:attachment":[{"href":"https:\/\/japuha.ee\/en\/wp-json\/wp\/v2\/media?parent=2905"}],"wp:term":[{"taxonomy":"product_brand","embeddable":true,"href":"https:\/\/japuha.ee\/en\/wp-json\/wp\/v2\/product_brand?post=2905"},{"taxonomy":"product_cat","embeddable":true,"href":"https:\/\/japuha.ee\/en\/wp-json\/wp\/v2\/product_cat?post=2905"},{"taxonomy":"product_tag","embeddable":true,"href":"https:\/\/japuha.ee\/en\/wp-json\/wp\/v2\/product_tag?post=2905"}],"curies":[{"name":"wp","href":"https:\/\/api.w.org\/{rel}","templated":true}]}}