{"id":2935,"date":"2025-04-29T11:56:23","date_gmt":"2025-04-29T11:56:23","guid":{"rendered":"http:\/\/localhost:8080\/toode\/adj-stinger-ii\/"},"modified":"2026-04-06T18:38:45","modified_gmt":"2026-04-06T18:38:45","slug":"adj-stinger-ii","status":"publish","type":"product","link":"https:\/\/japuha.ee\/en\/toode\/adj-stinger-ii\/","title":{"rendered":"ADJ Stinger II"},"content":{"rendered":"","protected":false},"excerpt":{"rendered":"<p>ADJ Stinger II kasutab 6 x 5W RGBA + White &amp; Pink LED\u2019s + 8 x 3W UV LED\u2019s + Red &amp; Green Laser valgusallikaid ning sisaldab punast\/rohelist laserit, \u201cMoonflower\u201d efekti ning strobo efekti.<\/p>\n<p>ADJ Stinger II valgusefekt sobib kasutamiseks v\u00e4iksemate m\u00f5\u00f5tmetega tantsusaalides, lokaalides, \u00f6\u00f6klubides ning teistes sarnastes meelelahutusasutustes.<\/p>\n<p>Stinger II on efektiivselt kontrollitav DMX-iga, sisseehitatud programmidega, UC IR puldiga v\u00f5i kasutades Airstream IR aplikatsiooni.<\/p>\n","protected":false},"featured_media":2399,"template":"","meta":{"_acf_changed":false,"_seopress_robots_primary_cat":"","_seopress_titles_title":"","_seopress_titles_desc":"","_seopress_robots_index":"","_monsterinsights_skip_tracking":false,"_monsterinsights_sitenote_active":false,"_monsterinsights_sitenote_note":"","_monsterinsights_sitenote_category":0},"product_brand":[],"product_cat":[299],"product_tag":[],"class_list":{"0":"post-2935","1":"product","2":"type-product","3":"status-publish","4":"has-post-thumbnail","6":"product_cat-effects","8":"first","9":"instock","10":"taxable","11":"shipping-taxable","12":"purchasable","13":"product-type-simple"},"acf":[],"_links":{"self":[{"href":"https:\/\/japuha.ee\/en\/wp-json\/wp\/v2\/product\/2935","targetHints":{"allow":["GET"]}}],"collection":[{"href":"https:\/\/japuha.ee\/en\/wp-json\/wp\/v2\/product"}],"about":[{"href":"https:\/\/japuha.ee\/en\/wp-json\/wp\/v2\/types\/product"}],"wp:featuredmedia":[{"embeddable":true,"href":"https:\/\/japuha.ee\/en\/wp-json\/wp\/v2\/media\/2399"}],"wp:attachment":[{"href":"https:\/\/japuha.ee\/en\/wp-json\/wp\/v2\/media?parent=2935"}],"wp:term":[{"taxonomy":"product_brand","embeddable":true,"href":"https:\/\/japuha.ee\/en\/wp-json\/wp\/v2\/product_brand?post=2935"},{"taxonomy":"product_cat","embeddable":true,"href":"https:\/\/japuha.ee\/en\/wp-json\/wp\/v2\/product_cat?post=2935"},{"taxonomy":"product_tag","embeddable":true,"href":"https:\/\/japuha.ee\/en\/wp-json\/wp\/v2\/product_tag?post=2935"}],"curies":[{"name":"wp","href":"https:\/\/api.w.org\/{rel}","templated":true}]}}