{"id":3013,"date":"2025-04-29T11:56:28","date_gmt":"2025-04-29T11:56:28","guid":{"rendered":"http:\/\/localhost:8080\/toode\/active-rcf-art-310-a\/"},"modified":"2026-04-06T18:38:44","modified_gmt":"2026-04-06T18:38:44","slug":"active-rcf-art-310-a","status":"publish","type":"product","link":"https:\/\/japuha.ee\/en\/toode\/active-rcf-art-310-a\/","title":{"rendered":"Aktiivk\u00f5lar RCF ART 310-A"},"content":{"rendered":"","protected":false},"excerpt":{"rendered":"<p>RCF ART 310-A MK4 on v\u00e4ga kompaktne ja kerge, kuid korraliku v\u00f5imsuse, kvaliteetsete komponentide ja v\u00e4ga hea helipildiga aktiivk\u00f5lar, mis sobib j\u00e4rgmistesse kasutusvaldkondadesse:<\/p>\n<p>live\u00a0esinemised<br \/>audio-visuaalsed esitlused<br \/>firma\u00fcritused<br \/>p\u00fcsipaigaldusena siseruumidesse<br \/>Tehniline info:<\/p>\n<p>600W peak<br \/>300W RMS<br \/>helir\u00f5hk 127 dB<br \/>10\u2033 madalsageduselement<br \/>1\u2033 k\u00f5rgsageduselement<\/p>\n","protected":false},"featured_media":2319,"template":"","meta":{"_acf_changed":false,"_seopress_robots_primary_cat":"","_seopress_titles_title":"","_seopress_titles_desc":"","_seopress_robots_index":"","_monsterinsights_skip_tracking":false,"_monsterinsights_sitenote_active":false,"_monsterinsights_sitenote_note":"","_monsterinsights_sitenote_category":0},"product_brand":[],"product_cat":[259],"product_tag":[],"class_list":{"0":"post-3013","1":"product","2":"type-product","3":"status-publish","4":"has-post-thumbnail","6":"product_cat-pa-equipment","8":"first","9":"instock","10":"taxable","11":"shipping-taxable","12":"purchasable","13":"product-type-simple"},"acf":[],"_links":{"self":[{"href":"https:\/\/japuha.ee\/en\/wp-json\/wp\/v2\/product\/3013","targetHints":{"allow":["GET"]}}],"collection":[{"href":"https:\/\/japuha.ee\/en\/wp-json\/wp\/v2\/product"}],"about":[{"href":"https:\/\/japuha.ee\/en\/wp-json\/wp\/v2\/types\/product"}],"wp:featuredmedia":[{"embeddable":true,"href":"https:\/\/japuha.ee\/en\/wp-json\/wp\/v2\/media\/2319"}],"wp:attachment":[{"href":"https:\/\/japuha.ee\/en\/wp-json\/wp\/v2\/media?parent=3013"}],"wp:term":[{"taxonomy":"product_brand","embeddable":true,"href":"https:\/\/japuha.ee\/en\/wp-json\/wp\/v2\/product_brand?post=3013"},{"taxonomy":"product_cat","embeddable":true,"href":"https:\/\/japuha.ee\/en\/wp-json\/wp\/v2\/product_cat?post=3013"},{"taxonomy":"product_tag","embeddable":true,"href":"https:\/\/japuha.ee\/en\/wp-json\/wp\/v2\/product_tag?post=3013"}],"curies":[{"name":"wp","href":"https:\/\/api.w.org\/{rel}","templated":true}]}}