{"id":3194,"date":"2025-04-29T11:57:08","date_gmt":"2025-04-29T11:57:08","guid":{"rendered":"http:\/\/localhost:8080\/toode\/look-solution-unique-2-1-hazer\/"},"modified":"2026-04-06T18:38:43","modified_gmt":"2026-04-06T18:38:43","slug":"look-solution-unique-2-1-hazer","status":"publish","type":"product","link":"https:\/\/japuha.ee\/en\/toode\/look-solution-unique-2-1-hazer\/","title":{"rendered":"Look Solution Unique 2.1 hazer"},"content":{"rendered":"<p>Unique 2.1 hazer on loodud toetama valgusefekte ja laserkujusid l\u00e4bi \u00fchtlase, eriti peene v\u00f5i paksu suitsukihi \u2013 vali t\u00e4pselt \u00f5ige tulemus. Soodne soojenemisaeg (umbes 60 sekundit) t\u00e4hendab, et seade on kohe t\u00f6\u00f6valmis. Pumpa ja ventilaatorit saab eraldi reguleerida 99 astmes, v\u00f5imaldades paindlikku suitsu tihedust alates peentest uduvihkadest kuni tugeva suitsusambani.<\/p>\n<p>Masin t\u00f6\u00f6tab vaikse t\u00f6\u00f6p\u00f5him\u00f5ttega \u2014 see sobib ka olukordadesse, kus heliruumis on vaja minimaalseid t\u00f6\u00f6tamism\u00fcra tasemeid. Sisseehitatud ventilaator tagab kiire suitsu leviku ning vahetatav filter kaitseb ventilaatori tolmu ja mustuse eest. Kontrollimiseks on saadaval DMX-512, 0-10 V analoog v\u00f5i autonoomne re\u017eiim.<\/p>\n<p>Vedelikukulu on \u00fclimalt madal \u2013 2-liitrine paak tagab kuni 50 tunni katkematu t\u00f6\u00f6d, mis t\u00e4hendab v\u00e4hem pause, v\u00e4hem hooldust ja suuremat efektiivsust rendikeskkonnas. Unique 2.1 on valmistatud Saksamaal ning sobib v\u00e4ga h\u00e4sti nii areenidele, teatrisse, stuudiosse kui ka \u00fcritustehnikaks.<\/p>\n<p>\u00a0<\/p>\n<p>Tehnilised andmed:<br \/>V\u00f5imsus: 1 500 W<br \/>T\u00f6\u00f6pinge: 230 V\/50 Hz\u00a0<br \/>Soodne soojenemisaeg: umbes 60 sekundit<br \/>Vedelikupaak: 2 liitrit (kuni ~50 tundi pidevat t\u00f6\u00f6d)<br \/>Ventilaator: \u00fcle 6 000 l\/min vooluhulk<br \/>Suitsu tiheduse reguleerimine: 99 astet<br \/>Kontroll: DMX-512, 0-10 V analoog, autonoomne re\u017eiim<br \/>M\u00f5\u00f5tmed (L \u00d7 S \u00d7 K): 47 \u00d7 25 \u00d7 25 cm<br \/>Kaal: umbes 14 kg (vedelikuga)<\/p>\n","protected":false},"excerpt":{"rendered":"<p>Tippklassi professionaalne suitsumasin lavale ja \u00fcritustele<\/p>\n<p>\u00a0<\/p>\n<p>Look Solutions Unique 2.1 on v\u00e4ga v\u00f5imekas 1500 W suitsumasin, mille v\u00e4ljundit ja tihedust saab t\u00e4pselt reguleerida. T\u00e4nu kiirele soojenemisele, madalale m\u00fcratasemele ja v\u00e4hesele vedeliku tarbimisele on see ideaalne valik n\u00f5udlikule lavakasutusele.<\/p>\n","protected":false},"featured_media":2369,"template":"","meta":{"_acf_changed":false,"_seopress_robots_primary_cat":"","_seopress_titles_title":"","_seopress_titles_desc":"","_seopress_robots_index":"","_monsterinsights_skip_tracking":false,"_monsterinsights_sitenote_active":false,"_monsterinsights_sitenote_note":"","_monsterinsights_sitenote_category":0},"product_brand":[],"product_cat":[302],"product_tag":[],"class_list":{"0":"post-3194","1":"product","2":"type-product","3":"status-publish","4":"has-post-thumbnail","6":"product_cat-smoke-machines","8":"first","9":"instock","10":"taxable","11":"shipping-taxable","12":"purchasable","13":"product-type-simple"},"acf":[],"_links":{"self":[{"href":"https:\/\/japuha.ee\/en\/wp-json\/wp\/v2\/product\/3194","targetHints":{"allow":["GET"]}}],"collection":[{"href":"https:\/\/japuha.ee\/en\/wp-json\/wp\/v2\/product"}],"about":[{"href":"https:\/\/japuha.ee\/en\/wp-json\/wp\/v2\/types\/product"}],"wp:featuredmedia":[{"embeddable":true,"href":"https:\/\/japuha.ee\/en\/wp-json\/wp\/v2\/media\/2369"}],"wp:attachment":[{"href":"https:\/\/japuha.ee\/en\/wp-json\/wp\/v2\/media?parent=3194"}],"wp:term":[{"taxonomy":"product_brand","embeddable":true,"href":"https:\/\/japuha.ee\/en\/wp-json\/wp\/v2\/product_brand?post=3194"},{"taxonomy":"product_cat","embeddable":true,"href":"https:\/\/japuha.ee\/en\/wp-json\/wp\/v2\/product_cat?post=3194"},{"taxonomy":"product_tag","embeddable":true,"href":"https:\/\/japuha.ee\/en\/wp-json\/wp\/v2\/product_tag?post=3194"}],"curies":[{"name":"wp","href":"https:\/\/api.w.org\/{rel}","templated":true}]}}