{"id":3212,"date":"2025-04-29T11:57:05","date_gmt":"2025-04-29T11:57:05","guid":{"rendered":"http:\/\/localhost:8080\/toode\/radio-microphone-sennheiser-ew-d-835-handheld-microphone-set-with-capsule\/"},"modified":"2026-04-06T18:38:43","modified_gmt":"2026-04-06T18:38:43","slug":"radio-microphone-sennheiser-ew-d-835-handheld-microphone-set-with-capsule","status":"publish","type":"product","link":"https:\/\/japuha.ee\/en\/toode\/radio-microphone-sennheiser-ew-d-835-handheld-microphone-set-with-capsule\/","title":{"rendered":"Raadiomikrofon Sennheiser EW-D 835 kapsliga k\u00e4simikrofonikomplekt"},"content":{"rendered":"","protected":false},"excerpt":{"rendered":"<p>Saadaval pea-, rev\u00e4\u00e4r- ja k\u00e4simikrofoniga komplektid<\/p>\n","protected":false},"featured_media":3863,"template":"","meta":{"_acf_changed":false,"_seopress_robots_primary_cat":"","_seopress_titles_title":"","_seopress_titles_desc":"","_seopress_robots_index":"","_monsterinsights_skip_tracking":false,"_monsterinsights_sitenote_active":false,"_monsterinsights_sitenote_note":"","_monsterinsights_sitenote_category":0},"product_brand":[],"product_cat":[260],"product_tag":[],"class_list":{"0":"post-3212","1":"product","2":"type-product","3":"status-publish","4":"has-post-thumbnail","6":"product_cat-radio-microphone","8":"first","9":"instock","10":"taxable","11":"shipping-taxable","12":"purchasable","13":"product-type-simple"},"acf":[],"_links":{"self":[{"href":"https:\/\/japuha.ee\/en\/wp-json\/wp\/v2\/product\/3212","targetHints":{"allow":["GET"]}}],"collection":[{"href":"https:\/\/japuha.ee\/en\/wp-json\/wp\/v2\/product"}],"about":[{"href":"https:\/\/japuha.ee\/en\/wp-json\/wp\/v2\/types\/product"}],"wp:featuredmedia":[{"embeddable":true,"href":"https:\/\/japuha.ee\/en\/wp-json\/wp\/v2\/media\/3863"}],"wp:attachment":[{"href":"https:\/\/japuha.ee\/en\/wp-json\/wp\/v2\/media?parent=3212"}],"wp:term":[{"taxonomy":"product_brand","embeddable":true,"href":"https:\/\/japuha.ee\/en\/wp-json\/wp\/v2\/product_brand?post=3212"},{"taxonomy":"product_cat","embeddable":true,"href":"https:\/\/japuha.ee\/en\/wp-json\/wp\/v2\/product_cat?post=3212"},{"taxonomy":"product_tag","embeddable":true,"href":"https:\/\/japuha.ee\/en\/wp-json\/wp\/v2\/product_tag?post=3212"}],"curies":[{"name":"wp","href":"https:\/\/api.w.org\/{rel}","templated":true}]}}