{"id":3237,"date":"2025-04-29T11:56:21","date_gmt":"2025-04-29T11:56:21","guid":{"rendered":"http:\/\/localhost:8080\/toode\/peam-microphone-sennheiser-hsp-essential-omni\/"},"modified":"2026-04-06T18:38:45","modified_gmt":"2026-04-06T18:38:45","slug":"peam-microphone-sennheiser-hsp-essential-omni","status":"publish","type":"product","link":"https:\/\/japuha.ee\/en\/toode\/peam-microphone-sennheiser-hsp-essential-omni\/","title":{"rendered":"Peamikrofon Sennheiser HSP Essential Omni"},"content":{"rendered":"<p>Sennheiser HSP Essential Omni on loodud pakkuma professionaalset helikvaliteeti olukordades, kus on vaja vaba liikumist ja selget k\u00f5net. Mikrofon kasutab Sennheiseri kvaliteetset KE 4 kapslit, mis tagab loomuliku ja selge helipildi ka suure helir\u00f5hu korral.<\/p>\n<p>Omnidirektsionaalne ehk \u00fchesuunatu suunamuster p\u00fc\u00fcab heli \u00fchtlaselt igast suunast, v\u00e4hendades tundlikkust asendi muutuste suhtes ning v\u00f5imaldades vabamat liikumist laval v\u00f5i saalis. Mikrofonivarsi saab paigutada nii vasakule kui paremale poole vastavalt eelistusele.<\/p>\n<p>Paindlik ja kerge kaelapael tagab mugava kandmise ka pikematel esinemistel. Mikrofon on valmistatud vastupidavatest ja allergiavabadest materjalidest ning talub h\u00e4sti higi ja niiskust, mis teeb selle sobivaks ka aktiivseks kasutuseks.<\/p>\n<p>HSP Essential Omni t\u00f6\u00f6tab phantom-toitega ning \u00fchildub Sennheiseri juhtmeta s\u00fcsteemidega. See on suurep\u00e4rane valik esinejatele, konverentsijuhtidele ja lavakasutuseks.<\/p>\n<p>\u00a0<\/p>\n<p>\u00a0<\/p>\n<p>Tehnilised andmed<br \/>T\u00fc\u00fcp: Elektreetkondensaator-mikrofon<br \/>Suunamuster: \u00dchesuunatu (omnidirectional)<br \/>Sagedusvahemik: 20 Hz \u2013 20 000 Hz<br \/>Tundlikkus: 2,5 mV\/Pa (1 kHz)<br \/>Nimipingutusimpedants: 1 k\u03a9<br \/>Minimaalne koormusimpedants: 4,7 k\u03a9<br \/>Maksimaalne helir\u00f5hutase (SPL): 148 dB<br \/>Signaali-m\u00fcrasuhe: 67 dB<br \/>Kapsli l\u00e4bim\u00f5\u00f5t: 4,8 mm<br \/>Kaabli pikkus: 1,3 m<br \/>Kaal: 25 g<br \/>V\u00e4rvivalikud: bee\u017e<\/p>\n","protected":false},"excerpt":{"rendered":"<p>Sennheiser HSP Essential Omni on kerge ja mugav kaelamikrofon (headset), mis pakub k\u00f5rgekvaliteedilist heli ja t\u00f6\u00f6kindlust. T\u00e4nu \u00fchtlasele helip\u00fc\u00fcdmisele ja vastupidavale disainile sobib see ideaalselt lavale, konverentsidele, esitlustele ja muudele k\u00f5nekesksetele s\u00fcndmustele.<\/p>\n","protected":false},"featured_media":0,"template":"","meta":{"_acf_changed":false,"_seopress_robots_primary_cat":"","_seopress_titles_title":"","_seopress_titles_desc":"","_seopress_robots_index":"","_monsterinsights_skip_tracking":false,"_monsterinsights_sitenote_active":false,"_monsterinsights_sitenote_note":"","_monsterinsights_sitenote_category":0},"product_brand":[],"product_cat":[257],"product_tag":[],"class_list":{"0":"post-3237","1":"product","2":"type-product","3":"status-publish","5":"product_cat-microphone","7":"first","8":"instock","9":"taxable","10":"shipping-taxable","11":"purchasable","12":"product-type-simple"},"acf":[],"_links":{"self":[{"href":"https:\/\/japuha.ee\/en\/wp-json\/wp\/v2\/product\/3237","targetHints":{"allow":["GET"]}}],"collection":[{"href":"https:\/\/japuha.ee\/en\/wp-json\/wp\/v2\/product"}],"about":[{"href":"https:\/\/japuha.ee\/en\/wp-json\/wp\/v2\/types\/product"}],"wp:attachment":[{"href":"https:\/\/japuha.ee\/en\/wp-json\/wp\/v2\/media?parent=3237"}],"wp:term":[{"taxonomy":"product_brand","embeddable":true,"href":"https:\/\/japuha.ee\/en\/wp-json\/wp\/v2\/product_brand?post=3237"},{"taxonomy":"product_cat","embeddable":true,"href":"https:\/\/japuha.ee\/en\/wp-json\/wp\/v2\/product_cat?post=3237"},{"taxonomy":"product_tag","embeddable":true,"href":"https:\/\/japuha.ee\/en\/wp-json\/wp\/v2\/product_tag?post=3237"}],"curies":[{"name":"wp","href":"https:\/\/api.w.org\/{rel}","templated":true}]}}