{"id":3259,"date":"2025-04-29T11:56:19","date_gmt":"2025-04-29T11:56:19","guid":{"rendered":"http:\/\/localhost:8080\/toode\/adj-ub9h-led-luminaire-led-light\/"},"modified":"2026-04-06T18:38:45","modified_gmt":"2026-04-06T18:38:45","slug":"adj-ub9h-led-luminaire-led-light","status":"publish","type":"product","link":"https:\/\/japuha.ee\/en\/toode\/adj-ub9h-led-luminaire-led-light\/","title":{"rendered":"ADJ UB9H LED valgusti\/ LED light"},"content":{"rendered":"","protected":false},"excerpt":{"rendered":"<p>ADJ UltraBar\u202f9H LED-valgusti (RGBAW+UV)<br \/>1\u2011meetrine professionaalne LED-bar, mis kasutab \u00fcheksa 6\u202fW 6\u2011in\u20111 LED-i (RGB + White + Amber + UV) ja pakub rikkalikku v\u00e4rvitoonide segu ning t\u00e4pset heledust.<\/p>\n<p>Lai 40\u00b0 valgusvihk ning patentujutatud \u201cQuick Align\u201d magnetiga \u00fchendatavad otsad tagavad \u00fchtlase pesu ilma valguse katkestusteta.<\/p>\n<p>Valgustil on 5 t\u00f6\u00f6re\u017eiimi (Auto, Sound, Dimmer, Static, DMX) ja kuni 6 erinevat DMX-kanalire\u017eiimi \u2013 ideaalne lavadele, seinadele ja tantsup\u00f5randatele.<\/p>\n<p>\u00a0<\/p>\n<p>Sobib kasutamiseks:<br \/>Lavalavalgustus ja dekoratiivne seinav\u00e4rvimine<br \/>Dj-show\u2019d, klubid ja peod<br \/>Avalikud \u00fcritused ja arhitektuurne efekvalgustus<\/p>\n","protected":false},"featured_media":2339,"template":"","meta":{"_acf_changed":false,"_seopress_robots_primary_cat":"","_seopress_titles_title":"","_seopress_titles_desc":"","_seopress_robots_index":"","_monsterinsights_skip_tracking":false,"_monsterinsights_sitenote_active":false,"_monsterinsights_sitenote_note":"","_monsterinsights_sitenote_category":0},"product_brand":[],"product_cat":[300],"product_tag":[],"class_list":{"0":"post-3259","1":"product","2":"type-product","3":"status-publish","4":"has-post-thumbnail","6":"product_cat-led-lights","8":"first","9":"instock","10":"taxable","11":"shipping-taxable","12":"purchasable","13":"product-type-simple"},"acf":[],"_links":{"self":[{"href":"https:\/\/japuha.ee\/en\/wp-json\/wp\/v2\/product\/3259","targetHints":{"allow":["GET"]}}],"collection":[{"href":"https:\/\/japuha.ee\/en\/wp-json\/wp\/v2\/product"}],"about":[{"href":"https:\/\/japuha.ee\/en\/wp-json\/wp\/v2\/types\/product"}],"wp:featuredmedia":[{"embeddable":true,"href":"https:\/\/japuha.ee\/en\/wp-json\/wp\/v2\/media\/2339"}],"wp:attachment":[{"href":"https:\/\/japuha.ee\/en\/wp-json\/wp\/v2\/media?parent=3259"}],"wp:term":[{"taxonomy":"product_brand","embeddable":true,"href":"https:\/\/japuha.ee\/en\/wp-json\/wp\/v2\/product_brand?post=3259"},{"taxonomy":"product_cat","embeddable":true,"href":"https:\/\/japuha.ee\/en\/wp-json\/wp\/v2\/product_cat?post=3259"},{"taxonomy":"product_tag","embeddable":true,"href":"https:\/\/japuha.ee\/en\/wp-json\/wp\/v2\/product_tag?post=3259"}],"curies":[{"name":"wp","href":"https:\/\/api.w.org\/{rel}","templated":true}]}}