{"id":3344,"date":"2025-04-29T11:56:10","date_gmt":"2025-04-29T11:56:10","guid":{"rendered":"http:\/\/localhost:8080\/toode\/shure-beta-52\/"},"modified":"2026-04-06T18:38:47","modified_gmt":"2026-04-06T18:38:47","slug":"shure-beta-52","status":"publish","type":"product","link":"https:\/\/japuha.ee\/en\/toode\/shure-beta-52\/","title":{"rendered":"Shure Beta 52"},"content":{"rendered":"<p>Shure Beta 52A on \u00fcks populaarsemaid valikuid bassitrummi mikrofonide seas, pakkudes s\u00fcgavat ja t\u00e4pset madalat heli, mis toob esile l\u00f6\u00f6gi ja r\u00fctmi. Mikrofon on loodud taluma v\u00e4ga k\u00f5rgeid helir\u00f5hutasemeid ilma moonutuseta, mist\u00f5ttu sobib see suurep\u00e4raselt trummikomplekti bassitrummile, bassik\u00f5laritele ja muudele madalsageduslikele instrumentidele.<\/p>\n<p>T\u00e4nu oma superkardioidsele suunamustrile isoleerib Beta 52A h\u00e4sti soovitud heliallika, v\u00e4hendades samas k\u00f5rvalhelisid laval v\u00f5i stuudios. Mikrofonil on integreeritud lukustuv statiivikiiradapter, mis v\u00f5imaldab kiiret ja kindlat paigaldamist, eriti bassitrummi sees. Selle vastupidav metallkorpus ja tugev konstruktsioon tagavad pika t\u00f6\u00f6ea ka intensiivsel kasutamisel.<\/p>\n<p>\u00a0<\/p>\n<p>Tehnilised andmed<br \/>Mikrofonit\u00fc\u00fcp: D\u00fcnaamiline (moving coil)<br \/>Suunamuster: Superkardioid<br \/>Sagedusvahemik: 20 Hz \u2013 10 000 Hz<br \/>Maksimaalne helir\u00f5hk: kuni 174 dB SPL<br \/>Tundlikkus: \u201364 dBV\/Pa (\u2248 0,6 mV\/Pa)<br \/>Nimipingutusimpedants: 150 \u03a9<br \/>\u00dchendus: 3-pin XLR (isane)<br \/>Kaal: 605 g<\/p>\n","protected":false},"excerpt":{"rendered":"<p>Shure Beta 52A on professionaalne d\u00fcnaamiline mikrofon, mis on loodud spetsiaalselt bassitrummi ja teiste madalsageduslike instrumentide jaoks. Superkardioidne suunamuster tagab suurep\u00e4rase helieraldatuse ja k\u00f5rge helir\u00f5hutaseme taluvuse kuni 174 dB SPL. Tugev metallkorpus ja integreeritud statiivikiiradapter teevad sellest t\u00f6\u00f6kindla ja lihtsasti kasutatava mikrofoni laval ja stuudios.<\/p>\n","protected":false},"featured_media":2381,"template":"","meta":{"_acf_changed":false,"_seopress_robots_primary_cat":"","_seopress_titles_title":"","_seopress_titles_desc":"","_seopress_robots_index":"","_monsterinsights_skip_tracking":false,"_monsterinsights_sitenote_active":false,"_monsterinsights_sitenote_note":"","_monsterinsights_sitenote_category":0},"product_brand":[],"product_cat":[257],"product_tag":[],"class_list":{"0":"post-3344","1":"product","2":"type-product","3":"status-publish","4":"has-post-thumbnail","6":"product_cat-microphone","8":"first","9":"instock","10":"taxable","11":"shipping-taxable","12":"purchasable","13":"product-type-simple"},"acf":[],"_links":{"self":[{"href":"https:\/\/japuha.ee\/en\/wp-json\/wp\/v2\/product\/3344","targetHints":{"allow":["GET"]}}],"collection":[{"href":"https:\/\/japuha.ee\/en\/wp-json\/wp\/v2\/product"}],"about":[{"href":"https:\/\/japuha.ee\/en\/wp-json\/wp\/v2\/types\/product"}],"wp:featuredmedia":[{"embeddable":true,"href":"https:\/\/japuha.ee\/en\/wp-json\/wp\/v2\/media\/2381"}],"wp:attachment":[{"href":"https:\/\/japuha.ee\/en\/wp-json\/wp\/v2\/media?parent=3344"}],"wp:term":[{"taxonomy":"product_brand","embeddable":true,"href":"https:\/\/japuha.ee\/en\/wp-json\/wp\/v2\/product_brand?post=3344"},{"taxonomy":"product_cat","embeddable":true,"href":"https:\/\/japuha.ee\/en\/wp-json\/wp\/v2\/product_cat?post=3344"},{"taxonomy":"product_tag","embeddable":true,"href":"https:\/\/japuha.ee\/en\/wp-json\/wp\/v2\/product_tag?post=3344"}],"curies":[{"name":"wp","href":"https:\/\/api.w.org\/{rel}","templated":true}]}}