{"id":3347,"date":"2025-04-29T11:56:11","date_gmt":"2025-04-29T11:56:11","guid":{"rendered":"http:\/\/localhost:8080\/toode\/adj-megahex-led-luminaire-led-light\/"},"modified":"2026-04-06T18:38:47","modified_gmt":"2026-04-06T18:38:47","slug":"adj-megahex-led-luminaire-led-light","status":"publish","type":"product","link":"https:\/\/japuha.ee\/en\/toode\/adj-megahex-led-luminaire-led-light\/","title":{"rendered":"ADJ MegaHEX LED valgusti\/ LED light"},"content":{"rendered":"<p>Kompaktne ja v\u00f5imekas LED-valgusti ruumi- ja lavavalgustuseks.<br \/>ADJ Mega HEX Par on madala profiiliga par-t\u00fc\u00fcpi valgusti, mis sobib suurep\u00e4raselt nii dekoratiivseks ruumivalgustuseks kui ka laval kasutamiseks. T\u00e4nu ADJ \u201csit-flat\u201d disainile saab seadet asetada otse p\u00f5randale v\u00f5i trussi sisse ilma tugijalata \u2013 DMX ja toite\u00fchendused on paigutatud korpuse k\u00fcljele, mitte taha.<\/p>\n<p>Valgustil on 5 v\u00f5imsat 6-vatist 6-\u00fches LED-i (punane, roheline, sinine, valge, merevaigukollane, UV), mis v\u00f5imaldavad sujuvat v\u00e4rvide segamist ja erakordselt laia v\u00e4rvigammat, sealhulgas selliseid erksaid toone nagu elektrisinine, laimiroheline ja fuksiaroosa.<\/p>\n<p>T\u00e4nu mitmek\u00fclgsetele t\u00f6\u00f6- ja DMX-re\u017eiimidele sobib see ideaalselt nii professionaalseks lavat\u00f6\u00f6ks kui ka meeleolu loomiseks \u00fcritustel ja saalides.<\/p>\n<p>\u00a0<\/p>\n<p>\u2705 Sobib kasutamiseks:<br \/>Pulmad ja peod<br \/>Lavaline valgustus ja taustavalgus<br \/>Saalide ja ruumide dekoratiivvalgustus<br \/>Trossi- ja p\u00f5randapaigaldus ilma tugijalata<\/p>\n<p>\u00a0<\/p>\n<p>Tehnilised andmed \u2013 ADJ Mega HEX Par<br \/>LED-id: 5 \u00d7 6 W 6-IN-1 (RGBAW + UV)<br \/>Valgusvihk: 25\u00b0<br \/>V\u00e4rvisegamine: RGB + valge, merevaik ja UV<br \/>T\u00f6\u00f6re\u017eiimid: 5 (Statiline, Auto, Sound Active, DMX, Master\/Slave)<br \/>DMX kanalire\u017eiimid: 6 \/ 7 \/ 8 \/ 11 \/ 12 kanalit<br \/>Toitepinge: 100\u2013240 V AC, 50\/60 Hz<br \/>Maksimaalne v\u00f5imsustarve: ca 32 W<br \/>\u00dchendused: 3-pin DMX IN\/OUT, IEC power IN\/OUT (k\u00fclgedel)<br \/>Korpuse t\u00fc\u00fcp: Madala profiiliga &#8220;sit-flat&#8221; disain<br \/>Kaal: ca 1,9 kg<br \/>M\u00f5\u00f5dud: 225 \u00d7 220 \u00d7 85 mm<\/p>\n","protected":false},"excerpt":{"rendered":"<p>ADJ Mega HEX Par<br \/>Kompaktne ja v\u00f5imas LED-par valgusti 6-IN-1 v\u00e4rvidega (RGB, valge, merevaik, UV). Sit-flat disain v\u00f5imaldab mugavat p\u00f5randal v\u00f5i trussis kasutust. Ideaalne dekoratiivseks v\u00f5i lavavalguseks \u2013 palju v\u00e4rvivalikuid ja DMX juhtimisv\u00f5imalused.<\/p>\n","protected":false},"featured_media":2341,"template":"","meta":{"_acf_changed":false,"_seopress_robots_primary_cat":"","_seopress_titles_title":"","_seopress_titles_desc":"","_seopress_robots_index":"","_monsterinsights_skip_tracking":false,"_monsterinsights_sitenote_active":false,"_monsterinsights_sitenote_note":"","_monsterinsights_sitenote_category":0},"product_brand":[],"product_cat":[300],"product_tag":[],"class_list":{"0":"post-3347","1":"product","2":"type-product","3":"status-publish","4":"has-post-thumbnail","6":"product_cat-led-lights","8":"first","9":"instock","10":"taxable","11":"shipping-taxable","12":"purchasable","13":"product-type-simple"},"acf":[],"_links":{"self":[{"href":"https:\/\/japuha.ee\/en\/wp-json\/wp\/v2\/product\/3347","targetHints":{"allow":["GET"]}}],"collection":[{"href":"https:\/\/japuha.ee\/en\/wp-json\/wp\/v2\/product"}],"about":[{"href":"https:\/\/japuha.ee\/en\/wp-json\/wp\/v2\/types\/product"}],"wp:featuredmedia":[{"embeddable":true,"href":"https:\/\/japuha.ee\/en\/wp-json\/wp\/v2\/media\/2341"}],"wp:attachment":[{"href":"https:\/\/japuha.ee\/en\/wp-json\/wp\/v2\/media?parent=3347"}],"wp:term":[{"taxonomy":"product_brand","embeddable":true,"href":"https:\/\/japuha.ee\/en\/wp-json\/wp\/v2\/product_brand?post=3347"},{"taxonomy":"product_cat","embeddable":true,"href":"https:\/\/japuha.ee\/en\/wp-json\/wp\/v2\/product_cat?post=3347"},{"taxonomy":"product_tag","embeddable":true,"href":"https:\/\/japuha.ee\/en\/wp-json\/wp\/v2\/product_tag?post=3347"}],"curies":[{"name":"wp","href":"https:\/\/api.w.org\/{rel}","templated":true}]}}