{"id":3353,"date":"2025-04-29T11:56:10","date_gmt":"2025-04-29T11:56:10","guid":{"rendered":"http:\/\/localhost:8080\/toode\/shure-sm-beta-58-vocal-microphone\/"},"modified":"2026-04-06T18:38:47","modified_gmt":"2026-04-06T18:38:47","slug":"shure-sm-beta-58-vocal-microphone","status":"publish","type":"product","link":"https:\/\/japuha.ee\/en\/toode\/shure-sm-beta-58-vocal-microphone\/","title":{"rendered":"Vokaalmikrofon Shure SM\/Beta 58"},"content":{"rendered":"","protected":false},"excerpt":{"rendered":"<p>Shure SM58 on l\u00fclitita d\u00fcnaamiline lavamikrofon, mis on loodud spetsiaalselt kasutamiseks k\u00f5ne ja vokaalidega. T\u00f6\u00f6kindel mikrofon pakub vastupidavust nii sise- kui v\u00e4litingimustes ja sisaldab\u00a0vastupidavat konstruktsiooni, sisseehitatud shock-mount s\u00fcsteemi ning terasest valmistatud v\u00f5re. Lisaks on mikrofonil sisseehitatud pop filter. Helisagedus: 50 Hz \u2013 15 kHz.<\/p>\n","protected":false},"featured_media":2363,"template":"","meta":{"_acf_changed":false,"_seopress_robots_primary_cat":"","_seopress_titles_title":"","_seopress_titles_desc":"","_seopress_robots_index":"","_monsterinsights_skip_tracking":false,"_monsterinsights_sitenote_active":false,"_monsterinsights_sitenote_note":"","_monsterinsights_sitenote_category":0},"product_brand":[],"product_cat":[257],"product_tag":[],"class_list":{"0":"post-3353","1":"product","2":"type-product","3":"status-publish","4":"has-post-thumbnail","6":"product_cat-microphone","8":"first","9":"instock","10":"taxable","11":"shipping-taxable","12":"purchasable","13":"product-type-simple"},"acf":[],"_links":{"self":[{"href":"https:\/\/japuha.ee\/en\/wp-json\/wp\/v2\/product\/3353","targetHints":{"allow":["GET"]}}],"collection":[{"href":"https:\/\/japuha.ee\/en\/wp-json\/wp\/v2\/product"}],"about":[{"href":"https:\/\/japuha.ee\/en\/wp-json\/wp\/v2\/types\/product"}],"wp:featuredmedia":[{"embeddable":true,"href":"https:\/\/japuha.ee\/en\/wp-json\/wp\/v2\/media\/2363"}],"wp:attachment":[{"href":"https:\/\/japuha.ee\/en\/wp-json\/wp\/v2\/media?parent=3353"}],"wp:term":[{"taxonomy":"product_brand","embeddable":true,"href":"https:\/\/japuha.ee\/en\/wp-json\/wp\/v2\/product_brand?post=3353"},{"taxonomy":"product_cat","embeddable":true,"href":"https:\/\/japuha.ee\/en\/wp-json\/wp\/v2\/product_cat?post=3353"},{"taxonomy":"product_tag","embeddable":true,"href":"https:\/\/japuha.ee\/en\/wp-json\/wp\/v2\/product_tag?post=3353"}],"curies":[{"name":"wp","href":"https:\/\/api.w.org\/{rel}","templated":true}]}}