{"id":3358,"date":"2025-04-29T11:56:10","date_gmt":"2025-04-29T11:56:10","guid":{"rendered":"http:\/\/localhost:8080\/toode\/condenser-microphone\/"},"modified":"2026-04-06T18:38:47","modified_gmt":"2026-04-06T18:38:47","slug":"condenser-microphone","status":"publish","type":"product","link":"https:\/\/japuha.ee\/en\/toode\/condenser-microphone\/","title":{"rendered":"Kondensaatormikrofon"},"content":{"rendered":"<p>t.bone EM 800 on v\u00e4ike membraaniga kondensaatormikrofon, mis pakub suurep\u00e4rast heli kvaliteeti h\u00f5lpsasti ligip\u00e4\u00e4setava hinnaga. Selle superkardioidne suunamuster aitab eraldada soovitud heliallika k\u00f5rvalhelidest ning laia sagedusvahemik 20 Hz kuni 20 000 Hz tagab, et iga n\u00fcanss instrumentide ja stuudiokasutuse jaoks j\u00e4\u00e4b selgeks. Mikrofoni konstruktsioon on kompaktselt kerge (~180 g) ja \u00fchendus toimub XLR pistikuga \u2014 sobides ideaalselt nii kodusest uue salvestuse \u00fclesseadmise kui ka professionaalse stuudio- v\u00f5i rentaalkasutuse jaoks. N\u00f5utud +48 V fantoomtoide t\u00f5ttu sobib see h\u00e4sti mikseritele, helikaartidele ja muudele heliseadmetele. Komplektis on klamber, tuulekindel katte ja hoiukarp.<\/p>\n<p>\u00a0<\/p>\n<p>Tehnilised andmed\u00a0<br \/>Mikrofonit\u00fc\u00fcp: kondensaator (v\u00e4ike membraan)\u00a0<br \/>Suunamuster: superkardioid\u00a0<br \/>Sagedusvahemik: 20 Hz \u2013 20 000 Hz\u00a0<br \/>Maksimaalne helir\u00f5hk (SPL): 107 dB\u00a0<br \/>Impedants: 200 \u03a9\u00a0<br \/>Tundlikkus: \u201333,7 dB (\u2248 20,6 mV\/Pa)\u00a0<\/p>\n<p>Toide: +48 V fantoomtoide n\u00f5utav<br \/>Kaal: ca 180 g\u00a0<br \/>\u00dchendus: XLR-3 pistik\u00a0<\/p>\n","protected":false},"excerpt":{"rendered":"<p>t.bone EM 800 on taskukohane, kuid professionaalse kvaliteediga v\u00e4ike membraaniga kondensaatormikrofon akustiliste instrumentide ja stuudio-salvestuste jaoks. Superkardioidne suunamuster, lai sagedusala (20 Hz\u201320 kHz) ning +48 V fantoomtoide n\u00f5ue.<\/p>\n","protected":false},"featured_media":3895,"template":"","meta":{"_acf_changed":false,"_seopress_robots_primary_cat":"","_seopress_titles_title":"","_seopress_titles_desc":"","_seopress_robots_index":"","_monsterinsights_skip_tracking":false,"_monsterinsights_sitenote_active":false,"_monsterinsights_sitenote_note":"","_monsterinsights_sitenote_category":0},"product_brand":[],"product_cat":[257],"product_tag":[],"class_list":{"0":"post-3358","1":"product","2":"type-product","3":"status-publish","4":"has-post-thumbnail","6":"product_cat-microphone","8":"first","9":"instock","10":"taxable","11":"shipping-taxable","12":"purchasable","13":"product-type-simple"},"acf":[],"_links":{"self":[{"href":"https:\/\/japuha.ee\/en\/wp-json\/wp\/v2\/product\/3358","targetHints":{"allow":["GET"]}}],"collection":[{"href":"https:\/\/japuha.ee\/en\/wp-json\/wp\/v2\/product"}],"about":[{"href":"https:\/\/japuha.ee\/en\/wp-json\/wp\/v2\/types\/product"}],"wp:featuredmedia":[{"embeddable":true,"href":"https:\/\/japuha.ee\/en\/wp-json\/wp\/v2\/media\/3895"}],"wp:attachment":[{"href":"https:\/\/japuha.ee\/en\/wp-json\/wp\/v2\/media?parent=3358"}],"wp:term":[{"taxonomy":"product_brand","embeddable":true,"href":"https:\/\/japuha.ee\/en\/wp-json\/wp\/v2\/product_brand?post=3358"},{"taxonomy":"product_cat","embeddable":true,"href":"https:\/\/japuha.ee\/en\/wp-json\/wp\/v2\/product_cat?post=3358"},{"taxonomy":"product_tag","embeddable":true,"href":"https:\/\/japuha.ee\/en\/wp-json\/wp\/v2\/product_tag?post=3358"}],"curies":[{"name":"wp","href":"https:\/\/api.w.org\/{rel}","templated":true}]}}