{"id":3359,"date":"2025-04-29T11:56:10","date_gmt":"2025-04-29T11:56:10","guid":{"rendered":"http:\/\/localhost:8080\/toode\/shure-sm57-instrument-microphone\/"},"modified":"2026-04-06T18:38:47","modified_gmt":"2026-04-06T18:38:47","slug":"shure-sm57-instrument-microphone","status":"publish","type":"product","link":"https:\/\/japuha.ee\/en\/toode\/shure-sm57-instrument-microphone\/","title":{"rendered":"Instrumendimikrofon Shure SM57"},"content":{"rendered":"<p>Shure SM57 on maailma \u00fcks enim kasutatud d\u00fcnaamilisi mikrofone, mis t\u00e4hendab t\u00f6\u00f6kindlust, helikvaliteeti ja mitmek\u00fclgsust nii stuudios kui laval. Selle lameda ja vastupidava metallkorpusega mikrofon on loodud taluma tugevaid helir\u00f5hke ning eraldama soovitud heliallikat k\u00f5rvalm\u00fcra taustal.<\/p>\n<p>Erinevalt paljudest teistest mikrofonidest ei vaja SM57 toite- v\u00f5i phantom-voogu, mist\u00f5ttu sobib see eriti h\u00e4sti otse instrumendi v\u00f5i v\u00f5imendi ette. Kardioidne suunamuster v\u00f5imaldab fokuseerida otse sisse suunatud heli ning v\u00e4hendada k\u00f5rvalallikate kajasid ja tagasisidet.<\/p>\n<p>SM57 helipalett on kujundatud instrumentide ja l\u00f6\u00f6kpillide mikrofonimiseks \u2014 toonilt selge, agressiivsem kui t\u00fc\u00fcpiline vokaalmikrofon ning seet\u00f5ttu eriti hinnatud kitarriv\u00f5imendite, snare\u2019i, tomide ja vaskpillide kaunistamiseks. T\u00e4nu tugevale konstruktsioonile sobib see ideaalselt ka rentaalses intensiivkasutuses: lavareisid, flaierid, klubi- ja kontsert-keskkonnad.<\/p>\n<p>Kui otsite \u201cseda \u00fchte mikrofoni\u201d mis t\u00f6\u00f6tab pea iga instrumendi ees, on Shure SM57 kindel valik.<\/p>\n<p>\u00a0<\/p>\n<p>Tehnilised andmed<br \/>Mikrofonit\u00fc\u00fcp: D\u00fcnaamiline (moving coil)\u00a0<br \/>Sagedusvahemik: 40 Hz \u2013 15 000 Hz\u00a0<br \/>Suunamuster: Kardioid<br \/>Tundlikkus: \u201356,0 dBV\/Pa (\u22481,6 mV\/Pa)<br \/>Nimipingutusimpedants: 150 \u03a9 (reaalne ca 310 \u03a9)\u00a0<br \/>Kaal: ca 284 g (10 oz)\u00a0<br \/>\u00dchendus: 3-pin XLR (male)\u00a0<br \/>Korbus: Tumehall, valtsitud teraskorpus, pol\u00fckarbonaatv\u00f5re ja roostevabast terasest ekraan<\/p>\n","protected":false},"excerpt":{"rendered":"<p>Shure SM57 \u2013 legendaarne kardioidne d\u00fcnaamiline mikrofon instrumendile ja lavakasutuseks. T\u00f6\u00f6kindel, mitmek\u00fclgne ja pikaajalise kasutusega. Sobib ideaalselt kitarriv\u00f5imendite, trummikomplektide, vask- ja puupillide ning ka vokaalide mikrofonimiseks.<\/p>\n","protected":false},"featured_media":3893,"template":"","meta":{"_acf_changed":false,"_seopress_robots_primary_cat":"","_seopress_titles_title":"","_seopress_titles_desc":"","_seopress_robots_index":"","_monsterinsights_skip_tracking":false,"_monsterinsights_sitenote_active":false,"_monsterinsights_sitenote_note":"","_monsterinsights_sitenote_category":0},"product_brand":[],"product_cat":[257],"product_tag":[],"class_list":{"0":"post-3359","1":"product","2":"type-product","3":"status-publish","4":"has-post-thumbnail","6":"product_cat-microphone","8":"first","9":"instock","10":"taxable","11":"shipping-taxable","12":"purchasable","13":"product-type-simple"},"acf":[],"_links":{"self":[{"href":"https:\/\/japuha.ee\/en\/wp-json\/wp\/v2\/product\/3359","targetHints":{"allow":["GET"]}}],"collection":[{"href":"https:\/\/japuha.ee\/en\/wp-json\/wp\/v2\/product"}],"about":[{"href":"https:\/\/japuha.ee\/en\/wp-json\/wp\/v2\/types\/product"}],"wp:featuredmedia":[{"embeddable":true,"href":"https:\/\/japuha.ee\/en\/wp-json\/wp\/v2\/media\/3893"}],"wp:attachment":[{"href":"https:\/\/japuha.ee\/en\/wp-json\/wp\/v2\/media?parent=3359"}],"wp:term":[{"taxonomy":"product_brand","embeddable":true,"href":"https:\/\/japuha.ee\/en\/wp-json\/wp\/v2\/product_brand?post=3359"},{"taxonomy":"product_cat","embeddable":true,"href":"https:\/\/japuha.ee\/en\/wp-json\/wp\/v2\/product_cat?post=3359"},{"taxonomy":"product_tag","embeddable":true,"href":"https:\/\/japuha.ee\/en\/wp-json\/wp\/v2\/product_tag?post=3359"}],"curies":[{"name":"wp","href":"https:\/\/api.w.org\/{rel}","templated":true}]}}