{"id":3570,"date":"2025-04-29T11:57:11","date_gmt":"2025-04-29T11:57:11","guid":{"rendered":"http:\/\/localhost:8080\/toode\/digimagistral-digital-stagebox-allen-heath-gx4816-audio-rack-48-16-96khz\/"},"modified":"2026-04-06T18:38:43","modified_gmt":"2026-04-06T18:38:43","slug":"digimagistral-digital-stagebox-allen-heath-gx4816-audio-rack-48-16-96khz","status":"publish","type":"product","link":"https:\/\/japuha.ee\/en\/toode\/digimagistral-digital-stagebox-allen-heath-gx4816-audio-rack-48-16-96khz\/","title":{"rendered":"Digimagistral\/digital stagebox Allen &amp; Heath GX4816 Audiorack (48\/16)- 96kHz"},"content":{"rendered":"<p>Allen &amp; Heath GX4816 on k\u00f5rgklassi audio-lahendus, mis v\u00f5imaldab remote-laiendust segamiss\u00fcsteemidele, kui vajate palju sisendeid ja v\u00e4ljundeid \u2013 n\u00e4iteks suurtel kontsertidel, stuudiotes v\u00f5i \u00fcritustehnika rendiks. Seade sisaldab 48 professionaalse tasemega mikrofoni\/line preampi ning 16 s\u00fcmmeetrilist XLR v\u00e4ljundsorti. T\u00f6\u00f6tleb audio andmeid 96 kHz operaation kohal, tagades k\u00f5rge helikvaliteedi.<\/p>\n<p>\u00dchendamine on lihtne: petliku IP-adresseerimise asemel plug-and-play lahendus, EtherCon\/LAN-kaabliga \u00fchendus kuni 100 m kaugusele ning kaks DX-porti laiendamiseks v\u00f5i iseseisva monitooringus\u00fcsteemi \u00fchendamiseks. Rack-paigaldus (5U) v\u00f5imaldab seadme paigutamist nii rack-kappi kui ka eraldiseisvana.<\/p>\n<p>See seade on sobilik nii stuudio paigaldiseks kui mobiilseks lava- \/ \u00fcritustehnikaks \u2013 kui vajate mitmekanalilist I\/O-lahendust, mis suudab kaasas k\u00e4ia.<\/p>\n<p>\u00a0<\/p>\n<p>Tehnilised andmed<br \/>Kanalid: 48 sisendit \/ 16 v\u00e4ljundit<br \/>Mikrofoni\/line sisendid: tasakaalustatud XLR, +48 V fantoomtoide, pre-amp-taseme kontroll<br \/>V\u00e4ljundid: tasakaalustatud XLR line-tasemel v\u00e4ljundid<br \/>T\u00f6\u00f6sagedus: 96 kHz<br \/>V\u00f5imsuse tarbimine: max 80 W, toitepinge 100-240 V AC, 50\/60 Hz<br \/>M\u00f5\u00f5tmed: laiusega ~ 481,6 mm (18.9\u2033) \u00d7 s\u00fcgavus ~255 mm (10\u2033) \u00d7 k\u00f5rgus ~229,5 mm (9\u2033)<br \/>Kaal: ca 8 kg<br \/>Paigaldus: 19\u2033 rack, k\u00f5rgus 5U<br \/>\u00dchendused: 1 \u00d7 EtherCon (GX port) + 2 \u00d7 EtherCon (DX port)<br \/>Laiendamisv\u00f5imalus: saab \u00fchendada mitmeid \u00fchikuid \u2013 kuni 5 \u00fchikut dLive S-klass s\u00fcsteemis<\/p>\n","protected":false},"excerpt":{"rendered":"<p>Allen &amp; Heath GX4816 on professionaalne 48-sisendiline \/ 16-v\u00e4ljundiline digitaalne I\/O-expander 96 kHz t\u00f6\u00f6tlusega. Sobib ideaalselt kasutamiseks koos Allen &amp; Heath dLive, SQ v\u00f5i Avantis segamiss\u00fcsteemidega \u2013 pakub suure kanalite arvu, madalat latentsust ja usaldusv\u00e4\u00e4rset t\u00f6\u00f6kindlust.<\/p>\n","protected":false},"featured_media":2629,"template":"","meta":{"_acf_changed":false,"_seopress_robots_primary_cat":"","_seopress_titles_title":"","_seopress_titles_desc":"","_seopress_robots_index":"","_monsterinsights_skip_tracking":false,"_monsterinsights_sitenote_active":false,"_monsterinsights_sitenote_note":"","_monsterinsights_sitenote_category":0},"product_brand":[],"product_cat":[254],"product_tag":[],"class_list":{"0":"post-3570","1":"product","2":"type-product","3":"status-publish","4":"has-post-thumbnail","6":"product_cat-sound-consoles","8":"first","9":"instock","10":"taxable","11":"shipping-taxable","12":"purchasable","13":"product-type-simple"},"acf":[],"_links":{"self":[{"href":"https:\/\/japuha.ee\/en\/wp-json\/wp\/v2\/product\/3570","targetHints":{"allow":["GET"]}}],"collection":[{"href":"https:\/\/japuha.ee\/en\/wp-json\/wp\/v2\/product"}],"about":[{"href":"https:\/\/japuha.ee\/en\/wp-json\/wp\/v2\/types\/product"}],"wp:featuredmedia":[{"embeddable":true,"href":"https:\/\/japuha.ee\/en\/wp-json\/wp\/v2\/media\/2629"}],"wp:attachment":[{"href":"https:\/\/japuha.ee\/en\/wp-json\/wp\/v2\/media?parent=3570"}],"wp:term":[{"taxonomy":"product_brand","embeddable":true,"href":"https:\/\/japuha.ee\/en\/wp-json\/wp\/v2\/product_brand?post=3570"},{"taxonomy":"product_cat","embeddable":true,"href":"https:\/\/japuha.ee\/en\/wp-json\/wp\/v2\/product_cat?post=3570"},{"taxonomy":"product_tag","embeddable":true,"href":"https:\/\/japuha.ee\/en\/wp-json\/wp\/v2\/product_tag?post=3570"}],"curies":[{"name":"wp","href":"https:\/\/api.w.org\/{rel}","templated":true}]}}