{"id":3578,"date":"2025-04-29T11:57:10","date_gmt":"2025-04-29T11:57:10","guid":{"rendered":"http:\/\/localhost:8080\/toode\/helipult-mixer-desk-midas-m32r\/"},"modified":"2026-04-06T18:38:43","modified_gmt":"2026-04-06T18:38:43","slug":"helipult-mixer-desk-midas-m32r","status":"publish","type":"product","link":"https:\/\/japuha.ee\/en\/toode\/helipult-mixer-desk-midas-m32r\/","title":{"rendered":"Helipult\/Mixer desk Midas M32R"},"content":{"rendered":"<p>Midas M32R toob k\u00f5rgetasemelise helijuhtimise kompaktsemasse ja kergemini transporditavasse vormi. Pult on varustatud 16 Midas PRO sarja mikrofoni eelv\u00f5imendiga, mis tagavad puhta ja d\u00fcnaamilise heli igas olukorras.<br \/>40 sisendkanalit ja 25 miksbussi v\u00f5imaldavad paindlikku signaalihaldust nii v\u00e4ikestel kui suurematel lavadel.<\/p>\n<p>T\u00e4nu 96 kHz t\u00f6\u00f6v\u00f5imele ja AES50 v\u00f5rgu\u00fchendustele saab s\u00fcsteemi h\u00f5lpsalt laiendada ja integreerida teiste Midas v\u00f5i Behringeri seadmetega. Puldil on mootoroimiga faderid, 5-tolline v\u00e4rviekraan ja intuitiivne juhtliides, mis teeb t\u00f6\u00f6 kiireks ja mugavaks ka pingelistes live-olukordades.<\/p>\n<p>Midas M32R on tuntud oma vastupidava alumiiniumist ja terasest korpuse poolest, mis talub aktiivset rendi- ja tuurikasutust. See on suurep\u00e4rane t\u00f6\u00f6riist helimeistritele, kes hindavad kvaliteeti, t\u00f6\u00f6kindlust ja paindlikkust.<\/p>\n<p>\u00a0<\/p>\n<p>\u00a0<\/p>\n<p>Tehnilised andmed<br \/>Sisendkanaleid: kuni 40<br \/>Mikrofoni eelv\u00f5imendeid: 16 \u00d7 Midas PRO<br \/>Miksbusse: 25<br \/>T\u00f6\u00f6sagedus: kuni 96 kHz<br \/>Mootoroimiga faderid: jah<br \/>Laiendusv\u00f5imalused: AES50 port, laienduskaardi pesad (Dante \/ MADI \/ ADAT)<br \/>Ekraan: 5&#8243; v\u00e4rviekraan<br \/>M\u00f5\u00f5tmed: 478 \u00d7 617 \u00d7 208 mm<br \/>Kaal: ca 14,3 kg<br \/>Toide: 100\u2013240 V AC (automaatne)<\/p>\n","protected":false},"excerpt":{"rendered":"<p>Midas M32R on professionaalne ja t\u00f6\u00f6kindel digitaalne helipult, mis pakub 40 sisendkanalit, 16 tipptasemel mikrofoni eelv\u00f5imendit ja 25 miksbussi. See on ideaalne valik live-kontsertide, \u00fcrituste ja stuudiosalvestuste jaoks, \u00fchendades endas legendaarse Midas-heli kvaliteedi ja kaasaegse digitaaltehnoloogia.<\/p>\n","protected":false},"featured_media":3867,"template":"","meta":{"_acf_changed":false,"_seopress_robots_primary_cat":"","_seopress_titles_title":"","_seopress_titles_desc":"","_seopress_robots_index":"","_monsterinsights_skip_tracking":false,"_monsterinsights_sitenote_active":false,"_monsterinsights_sitenote_note":"","_monsterinsights_sitenote_category":0},"product_brand":[],"product_cat":[254],"product_tag":[],"class_list":{"0":"post-3578","1":"product","2":"type-product","3":"status-publish","4":"has-post-thumbnail","6":"product_cat-sound-consoles","8":"first","9":"instock","10":"taxable","11":"shipping-taxable","12":"purchasable","13":"product-type-simple"},"acf":[],"_links":{"self":[{"href":"https:\/\/japuha.ee\/en\/wp-json\/wp\/v2\/product\/3578","targetHints":{"allow":["GET"]}}],"collection":[{"href":"https:\/\/japuha.ee\/en\/wp-json\/wp\/v2\/product"}],"about":[{"href":"https:\/\/japuha.ee\/en\/wp-json\/wp\/v2\/types\/product"}],"wp:featuredmedia":[{"embeddable":true,"href":"https:\/\/japuha.ee\/en\/wp-json\/wp\/v2\/media\/3867"}],"wp:attachment":[{"href":"https:\/\/japuha.ee\/en\/wp-json\/wp\/v2\/media?parent=3578"}],"wp:term":[{"taxonomy":"product_brand","embeddable":true,"href":"https:\/\/japuha.ee\/en\/wp-json\/wp\/v2\/product_brand?post=3578"},{"taxonomy":"product_cat","embeddable":true,"href":"https:\/\/japuha.ee\/en\/wp-json\/wp\/v2\/product_cat?post=3578"},{"taxonomy":"product_tag","embeddable":true,"href":"https:\/\/japuha.ee\/en\/wp-json\/wp\/v2\/product_tag?post=3578"}],"curies":[{"name":"wp","href":"https:\/\/api.w.org\/{rel}","templated":true}]}}