{"id":3601,"date":"2025-04-29T11:57:06","date_gmt":"2025-04-29T11:57:06","guid":{"rendered":"http:\/\/localhost:8080\/toode\/rode-wireless-go-ii-transmission-microphone-set\/"},"modified":"2026-04-06T18:38:43","modified_gmt":"2026-04-06T18:38:43","slug":"rode-wireless-go-ii-transmission-microphone-set","status":"publish","type":"product","link":"https:\/\/japuha.ee\/en\/toode\/rode-wireless-go-ii-transmission-microphone-set\/","title":{"rendered":"Rode Wireless GO II \u00fclekandemikrofonide komplekt"},"content":{"rendered":"<p>R\u00d8DE Wireless GO II on kompaktne ja t\u00f6\u00f6kindel kahe saatjaga juhtmevaba mikrofonis\u00fcsteem, mis pakub professionaalset helikvaliteeti igas olukorras.<br \/>M\u00f5lemal saatjal on sisseehitatud mikrofon ning v\u00f5imalus \u00fchendada ka v\u00e4line lavalav\u00f5rgu mikrofon 3,5 mm sisendi kaudu. T\u00e4nu sellele saab heli salvestada kas otse mikrofonist v\u00f5i oma eelistatud mikrofoniga.<\/p>\n<p>S\u00fcsteem t\u00f6\u00f6tab R\u00d8DE 2,4 GHz digitaalsel sagedusel, tagades stabiilse \u00fchenduse kuni 200 meetri ulatuses (otse n\u00e4htavusega). 128-bitine kr\u00fcpteering kaitseb signaali h\u00e4irete ja katkestuste eest.<\/p>\n<p>Vastuv\u00f5tjal on nii 3,5 mm TRS analoogv\u00e4ljund kui ka USB-C digitaalv\u00e4ljund, mis v\u00f5imaldab \u00fchendamist kaamera, arvuti v\u00f5i nutiseadmega. Lisaks on saatjatel sisemine salvestusm\u00e4lu, mis salvestab heli automaatselt \u2013 isegi siis, kui traadita \u00fchendus ajutiselt katkeb.<\/p>\n<p>Sisseehitatud akud tagavad kuni 7 tundi t\u00f6\u00f6aega ja USB-C kaudu saab seadmeid kiirelt laadida. Wireless GO II sobib ideaalselt nii liikuvaks t\u00f6\u00f6ks, videointervjuudeks kui ka laval esinemiseks.<\/p>\n<p>\u00a0<\/p>\n<p>\u00a0<\/p>\n<p>Tehnilised andmed<br \/>S\u00fcsteem: 2 saatjat + 1 vastuv\u00f5tja<br \/>\u00dclekandetehnoloogia: 2,4 GHz digitaalne, 128-bit kr\u00fcpteering<br \/>Sagedusvahemik: 50 Hz \u2013 20 kHz<br \/>Suunamuster: \u00dchesuunaline (omnidirectional)<br \/>Maksimaalne t\u00f6\u00f6ulatus: kuni 200 m (otse n\u00e4htavusega)<br \/>Sisend: 3,5 mm TRS mikrofonisisend (saatjal)<br \/>V\u00e4ljundid: 3,5 mm TRS analoog, USB-C digitaalne<br \/>Sisem\u00e4lu: kuni 24 tundi salvestust (saatjal)<br \/>Aku kestvus: kuni 7 tundi<br \/>Toide: sisseehitatud liitium-ioon aku, laadimine USB-C kaudu<br \/>Saatja m\u00f5\u00f5tmed: 44 \u00d7 45 \u00d7 18 mm<br \/>Saatja kaal: ~30 g<\/p>\n","protected":false},"excerpt":{"rendered":"<p>R\u00d8DE Wireless GO II on v\u00e4ike, kuid v\u00f5imekas kahekanaliline juhtmevaba mikrofonis\u00fcsteem, mis sobib suurep\u00e4raselt intervjuude, videote, podcastide ja otse\u00fclekannete tegemiseks. T\u00e4nu lihtsale kasutusele ja professionaalsele helikvaliteedile on see ideaalne lahendus nii sisuloojale, ajakirjanikule kui ka tehnilisele meeskonnale.<\/p>\n","protected":false},"featured_media":3930,"template":"","meta":{"_acf_changed":false,"_seopress_robots_primary_cat":"","_seopress_titles_title":"","_seopress_titles_desc":"","_seopress_robots_index":"","_monsterinsights_skip_tracking":false,"_monsterinsights_sitenote_active":false,"_monsterinsights_sitenote_note":"","_monsterinsights_sitenote_category":0},"product_brand":[],"product_cat":[260],"product_tag":[],"class_list":{"0":"post-3601","1":"product","2":"type-product","3":"status-publish","4":"has-post-thumbnail","6":"product_cat-radio-microphone","8":"first","9":"instock","10":"taxable","11":"shipping-taxable","12":"purchasable","13":"product-type-simple"},"acf":[],"_links":{"self":[{"href":"https:\/\/japuha.ee\/en\/wp-json\/wp\/v2\/product\/3601","targetHints":{"allow":["GET"]}}],"collection":[{"href":"https:\/\/japuha.ee\/en\/wp-json\/wp\/v2\/product"}],"about":[{"href":"https:\/\/japuha.ee\/en\/wp-json\/wp\/v2\/types\/product"}],"wp:featuredmedia":[{"embeddable":true,"href":"https:\/\/japuha.ee\/en\/wp-json\/wp\/v2\/media\/3930"}],"wp:attachment":[{"href":"https:\/\/japuha.ee\/en\/wp-json\/wp\/v2\/media?parent=3601"}],"wp:term":[{"taxonomy":"product_brand","embeddable":true,"href":"https:\/\/japuha.ee\/en\/wp-json\/wp\/v2\/product_brand?post=3601"},{"taxonomy":"product_cat","embeddable":true,"href":"https:\/\/japuha.ee\/en\/wp-json\/wp\/v2\/product_cat?post=3601"},{"taxonomy":"product_tag","embeddable":true,"href":"https:\/\/japuha.ee\/en\/wp-json\/wp\/v2\/product_tag?post=3601"}],"curies":[{"name":"wp","href":"https:\/\/api.w.org\/{rel}","templated":true}]}}