{"id":3620,"date":"2025-04-29T11:57:02","date_gmt":"2025-04-29T11:57:02","guid":{"rendered":"http:\/\/localhost:8080\/toode\/refrigerator-adj-mister-school-ii\/"},"modified":"2026-04-06T18:38:44","modified_gmt":"2026-04-06T18:38:44","slug":"refrigerator-adj-mister-school-ii","status":"publish","type":"product","link":"https:\/\/japuha.ee\/en\/toode\/refrigerator-adj-mister-school-ii\/","title":{"rendered":"K\u00fclmtossumasin ADJ Mister Kool II"},"content":{"rendered":"","protected":false},"excerpt":{"rendered":"<p>DJ Mister Kool II on k\u00fclmtossu masin, mis v\u00f5imaldab luua erinevatel \u00fcritustel meeleolu visuaalselt efektse, maadligi liugleva tossu n\u00e4ol. Masin mahutab kuni 2 kg j\u00e4\u00e4d ning v\u00f5imaldab parima tulemuse saamiseks kasutada masinal ka kuivj\u00e4\u00e4d. H\u00f5lpsaks kasutamiseks on k\u00fclmtossu masinal On\/Off l\u00fclitiga taimerpult. V\u00f5imsus: 700W. M\u00f5\u00f5tmed: 49,0 x 31,5 x 26,0 cm.<\/p>\n","protected":false},"featured_media":0,"template":"","meta":{"_acf_changed":false,"_seopress_robots_primary_cat":"","_seopress_titles_title":"","_seopress_titles_desc":"","_seopress_robots_index":"","_monsterinsights_skip_tracking":false,"_monsterinsights_sitenote_active":false,"_monsterinsights_sitenote_note":"","_monsterinsights_sitenote_category":0},"product_brand":[],"product_cat":[302],"product_tag":[],"class_list":{"0":"post-3620","1":"product","2":"type-product","3":"status-publish","5":"product_cat-smoke-machines","7":"first","8":"instock","9":"taxable","10":"shipping-taxable","11":"purchasable","12":"product-type-simple"},"acf":[],"_links":{"self":[{"href":"https:\/\/japuha.ee\/en\/wp-json\/wp\/v2\/product\/3620","targetHints":{"allow":["GET"]}}],"collection":[{"href":"https:\/\/japuha.ee\/en\/wp-json\/wp\/v2\/product"}],"about":[{"href":"https:\/\/japuha.ee\/en\/wp-json\/wp\/v2\/types\/product"}],"wp:attachment":[{"href":"https:\/\/japuha.ee\/en\/wp-json\/wp\/v2\/media?parent=3620"}],"wp:term":[{"taxonomy":"product_brand","embeddable":true,"href":"https:\/\/japuha.ee\/en\/wp-json\/wp\/v2\/product_brand?post=3620"},{"taxonomy":"product_cat","embeddable":true,"href":"https:\/\/japuha.ee\/en\/wp-json\/wp\/v2\/product_cat?post=3620"},{"taxonomy":"product_tag","embeddable":true,"href":"https:\/\/japuha.ee\/en\/wp-json\/wp\/v2\/product_tag?post=3620"}],"curies":[{"name":"wp","href":"https:\/\/api.w.org\/{rel}","templated":true}]}}